{"id":642,"date":"2020-11-06T11:19:40","date_gmt":"2020-11-06T08:19:40","guid":{"rendered":"https:\/\/bypro.ee\/pealeht\/"},"modified":"2021-07-28T16:39:48","modified_gmt":"2021-07-28T13:39:48","slug":"pealeht","status":"publish","type":"page","link":"https:\/\/bypro.ee\/en\/","title":{"rendered":"Pealeht"},"content":{"rendered":"<p>[vc_row full_width=&#8221;stretch_row&#8221; css_animation=&#8221;none&#8221; bg_type=&#8221;image&#8221; parallax_style=&#8221;vcpb-vz-jquery&#8221; bg_image_new=&#8221;id^416|url^https:\/\/bypro.ee\/wp-content\/uploads\/2020\/11\/top_bg5.jpg|caption^null|alt^null|title^top_bg5|description^null&#8221; bg_image_repeat=&#8221;no-repeat&#8221; bg_img_attach=&#8221;fixed&#8221; seperator_enable=&#8221;seperator_enable_value&#8221; seperator_type=&#8221;xlarge_triangle_seperator&#8221; seperator_position=&#8221;bottom_seperator&#8221; seperator_svg_height=&#8221;125&#8243; seperator_shape_background=&#8221;#eeeeee&#8221; el_class=&#8221;top-block&#8221; css=&#8221;.vc_custom_1606128623444{background-position: center !important;background-repeat: no-repeat !important;background-size: cover !important;}&#8221;][vc_column css_animation=&#8221;none&#8221; width=&#8221;2\/3&#8243;][vc_column_text css_animation=&#8221;fadeIn&#8221; css=&#8221;.vc_custom_1619008104684{padding-top: 5px !important;padding-right: 15px !important;padding-bottom: 5px !important;padding-left: 15px !important;background-color: rgba(255,255,255,0.6) !important;*background-color: rgb(255,255,255) !important;}&#8221;]<\/p>\n<h1 style=\"text-align: left;\"><span style=\"color: #333333;\">Leia j\u00e4rgmine t\u00e4iuslik elamiskoht<\/span><\/h1>\n<p>[\/vc_column_text][\/vc_column][vc_column width=&#8221;1\/3&#8243;][\/vc_column][vc_column][vc_row_inner][vc_column_inner el_class=&#8221;home-page__buttons-row&#8221;]<div class=\" vc_custom_1627479569069 ubtn-ctn-inline sd-button\"><a class=\"ubtn-link ult-adjust-bottom-margin ubtn-inline ubtn-normal sd-button\" href=\"\/en\/listings\/?location=&purpose=buy\" title=\"\u00dc\u00fcr\" ><button type=\"button\" id=\"ubtn-7116\"  class=\"ubtn ult-adjust-bottom-margin ult-responsive ubtn-normal ubtn-fade-bg  none  ubtn-inline   tooltip-6a0713db6bc46\"  data-hover=\"#ffffff\" data-border-color=\"#4a708b\" data-bg=\"#0e8dc3\" data-hover-bg=\"#27a6dc\" data-border-hover=\"#4a708b\" data-shadow-hover=\"\" data-shadow-click=\"none\" data-shadow=\"\" data-shd-shadow=\"\"  data-ultimate-target='#ubtn-7116'  data-responsive-json-new='{\"font-size\":\"\",\"line-height\":\"\"}'  style=\"font-weight:normal;border-radius:0px;border-width:0px;border-color:#4a708b;border-style:solid;background: #0e8dc3;color: #ffffff;\"><span class=\"ubtn-hover\" style=\"background-color:#27a6dc\"><\/span><span class=\"ubtn-data ubtn-text \" >FOR SALE<\/span><\/button><\/a><\/div><div class=\" vc_custom_1627479578126 ubtn-ctn-inline sd-button\"><a class=\"ubtn-link ult-adjust-bottom-margin ubtn-inline ubtn-normal sd-button\" href=\"\/en\/listings\/?location=&purpose=rent\" title=\"\u00dc\u00fcr\" ><button type=\"button\" id=\"ubtn-4789\"  class=\"ubtn ult-adjust-bottom-margin ult-responsive ubtn-normal ubtn-fade-bg  none  ubtn-inline   tooltip-6a0713db6bcec\"  data-hover=\"#ffffff\" data-border-color=\"#4a708b\" data-bg=\"#0e8dc3\" data-hover-bg=\"#27a6dc\" data-border-hover=\"#4a708b\" data-shadow-hover=\"\" data-shadow-click=\"none\" data-shadow=\"\" data-shd-shadow=\"\"  data-ultimate-target='#ubtn-4789'  data-responsive-json-new='{\"font-size\":\"\",\"line-height\":\"\"}'  style=\"font-weight:normal;border-radius:0px;border-width:0px;border-color:#4a708b;border-style:solid;background: #0e8dc3;color: #ffffff;\"><span class=\"ubtn-hover\" style=\"background-color:#27a6dc\"><\/span><span class=\"ubtn-data ubtn-text \" >FOR RENT<\/span><\/button><\/a><\/div><div class=\" ubtn-ctn-inline sd-button\"><a class=\"ubtn-link ult-adjust-bottom-margin ubtn-inline ubtn-normal sd-button\" href=\"#\" ><button type=\"button\" id=\"ubtn-7322\"  class=\"ubtn ult-adjust-bottom-margin ult-responsive ubtn-normal ubtn-fade-bg  none  ubtn-inline   tooltip-6a0713db6bd34\"  data-hover=\"#ffffff\" data-border-color=\"#4a708b\" data-bg=\"#0e8dc3\" data-hover-bg=\"#27a6dc\" data-border-hover=\"#4a708b\" data-shadow-hover=\"\" data-shadow-click=\"none\" data-shadow=\"\" data-shd-shadow=\"\"  data-ultimate-target='#ubtn-7322'  data-responsive-json-new='{\"font-size\":\"\",\"line-height\":\"\"}'  style=\"font-weight:normal;border-radius:0px;border-width:0px;border-color:#4a708b;border-style:solid;background: #0e8dc3;color: #ffffff;\"><span class=\"ubtn-hover\" style=\"background-color:#27a6dc\"><\/span><span class=\"ubtn-data ubtn-text \" >OFFER US REAL ESTATE<\/span><\/button><\/a><\/div>[\/vc_column_inner][\/vc_row_inner]<div class=\"ult-spacer spacer-6a0713db6bd6c\" data-id=\"6a0713db6bd6c\" data-height=\"200\" data-height-mobile=\"200\" data-height-tab=\"200\" data-height-tab-portrait=\"\" data-height-mobile-landscape=\"\" style=\"clear:both;display:block;\"><\/div>[\/vc_column][\/vc_row][vc_row full_width=&#8221;stretch_row&#8221; css_animation=&#8221;none&#8221; bg_type=&#8221;bg_color&#8221; bg_color_value=&#8221;#eeeeee&#8221; el_class=&#8221;about_us&#8221;][vc_column css_animation=&#8221;fadeInUp&#8221; css=&#8221;.vc_custom_1606398482954{padding-top: 0px !important;}&#8221;][vc_row_inner equal_height=&#8221;yes&#8221; css=&#8221;.vc_custom_1606822832740{background-color: #ffffff !important;}&#8221; el_class=&#8221;about-us__row&#8221;][vc_column_inner el_class=&#8221;about-us__image-row&#8221; width=&#8221;1\/2&#8243;][vc_single_image image=&#8221;297&#8243; img_size=&#8221;full&#8221;][\/vc_column_inner][vc_column_inner el_class=&#8221;about-us__information-row&#8221; width=&#8221;1\/2&#8243;][vc_column_text]<\/p>\n<h2>BYPRO<\/h2>\n<p>ByPro O\u00dc \u2013 Sinu usaldusv\u00e4\u00e4rne partner kinnisvara\u00e4ris. Me teame, kuidas kasumlikult osta, m\u00fc\u00fca, \u00fc\u00fcrida ja anda \u00fc\u00fcrile korterit, kontorit, \u00e4ri- v\u00f5i kaubanduspinda. Iga klient on meie jaoks oluline.[\/vc_column_text]<div class=\" ubtn-ctn-left sd-button\"><a class=\"ubtn-link ult-adjust-bottom-margin ubtn-left ubtn-normal sd-button\" href=\"\/en\/meist\/\" title=\"Meist\" ><button type=\"button\" id=\"ubtn-4227\"  class=\"ubtn ult-adjust-bottom-margin ult-responsive ubtn-normal ubtn-left-bg  none  ubtn-left   tooltip-6a0713db6bd8d\"  data-hover=\"#ffffff\" data-border-color=\"\" data-bg=\"#0e8dc3\" data-hover-bg=\"#27a6dc\" data-border-hover=\"\" data-shadow-hover=\"\" data-shadow-click=\"none\" data-shadow=\"\" data-shd-shadow=\"\"  data-ultimate-target='#ubtn-4227'  data-responsive-json-new='{\"font-size\":\"\",\"line-height\":\"\"}'  style=\"font-weight:normal;border:none;background: #0e8dc3;color: #ffffff;\"><span class=\"ubtn-hover\" style=\"background-color:#27a6dc\"><\/span><span class=\"ubtn-data ubtn-text \" >UURI ROHKEM<\/span><\/button><\/a><\/div>[\/vc_column_inner][\/vc_row_inner]<div class=\"ult-spacer spacer-6a0713db6bdc3\" data-id=\"6a0713db6bdc3\" data-height=\"35\" data-height-mobile=\"35\" data-height-tab=\"35\" data-height-tab-portrait=\"35\" data-height-mobile-landscape=\"35\" style=\"clear:both;display:block;\"><\/div>[\/vc_column][\/vc_row][vc_row full_width=&#8221;stretch_row_content_no_spaces&#8221; bg_type=&#8221;bg_color&#8221; seperator_enable=&#8221;seperator_enable_value&#8221; seperator_type=&#8221;xlarge_triangle_seperator&#8221; seperator_position=&#8221;bottom_seperator&#8221; seperator_svg_height=&#8221;125&#8243; seperator_shape_background=&#8221;#ffffff&#8221; el_class=&#8221;front-page__listings-heading&#8221; bg_color_value=&#8221;#eeeeee&#8221;][vc_column css_animation=&#8221;none&#8221;]<div id=\"ultimate-heading-78446a0713db6bef6\" class=\"uvc-heading ult-adjust-bottom-margin ultimate-heading-78446a0713db6bef6 uvc-3342 \" data-hspacer=\"line_with_icon\" data-hline_width=\"65\" data-hicon_type=\"selector\" data-hborder_style=\"solid\" data-hborder_height=\"1\" data-hborder_color=\"#b5b5b5\" data-icon_width=\"25\" data-hfixer=\"10\"  data-halign=\"center\" style=\"text-align:center\"><div class=\"uvc-main-heading ult-responsive\"  data-ultimate-target='.uvc-heading.ultimate-heading-78446a0713db6bef6 h2'  data-responsive-json-new='{\"font-size\":\"\",\"line-height\":\"\"}' ><h2 style=\"font-weight:normal;\">Meie viimased objektid<\/h2><\/div><div class=\"uvc-heading-spacer line_with_icon\" style=\"margin-bottom:115px;height:25px;\"><div class=\"ult-just-icon-wrapper  \"><div class=\"align-icon\" style=\"text-align:center;\">\n<div class=\"aio-icon none \"  style=\"color:#b5b5b5;font-size:25px;display:inline-block;\">\n\t<i class=\"Defaults-home\"><\/i>\n<\/div><\/div><\/div><\/div><\/div><div class=\"ult-spacer spacer-6a0713db6bf23\" data-id=\"6a0713db6bf23\" data-height=\"35\" data-height-mobile=\"35\" data-height-tab=\"35\" data-height-tab-portrait=\"\" data-height-mobile-landscape=\"\" style=\"clear:both;display:block;\"><\/div>[\/vc_column][\/vc_row][vc_row full_width=&#8221;stretch_row&#8221; css_animation=&#8221;fadeInUp&#8221; el_class=&#8221;front-page__listings&#8221;][vc_column][vc_row_inner][vc_column_inner el_class=&#8221;front-page__listings-row&#8221;][vc_column_text css_animation=&#8221;fadeInUp&#8221;]<\/p>\n<p class=\"note-yellow\">\n\t\t\t\t\n\t\t\t\t\t<ul class=\"wre-items\">\n\n\t\t\t\t\t\t\n\t\t\t\t\t\t\t\t\n<li class=\"col-2 post-704 listing type-listing status-publish listing-type-korter-en listing-704 korter-en m\u00fc\u00fcdud sell has-thumbnail beds-1 baths-1\" itemscope itemtype=\"http:\/\/schema.org\/House\">\n\t<div class=\"inner-container\">\t\t\n<div class=\"image\">\n\t<a href=\"https:\/\/bypro.ee\/en\/listing\/muua-korter-3-tuba-mundi-2-kesklinn-tallinn-harjumaa\/\" title=\"M\u00fc\u00fca korter, 1 tuba &#8211; Virbi 8\/10, Lasnam\u00e4e, Tallinn, Harjumaa\">\n\n\t\t\t\t\t\t<span class=\"status m\u00fc\u00fcdud\">\n\t\t\t\t\t<i class=\"wre-icon-house\"><\/i>\n\t\t\t\t\tM\u00fc\u00fcdud\t\t\t\t<\/span>\n\t\t\n\t\t<img alt=\"\" src=\"https:\/\/bypro.ee\/wp-content\/uploads\/2021\/07\/DSC2310-400x300.jpg\" \/>\n\t<\/a>\n<\/div>\n\t\t<div class=\"summary\">\n\t\t\t\n<h3 class=\"title entry-title\">\n\t<a href=\"https:\/\/bypro.ee\/en\/listing\/muua-korter-3-tuba-mundi-2-kesklinn-tallinn-harjumaa\/\" title=\"M\u00fc\u00fca korter, 1 tuba &#8211; Virbi 8\/10, Lasnam\u00e4e, Tallinn, Harjumaa\">\n\t\tM\u00fc\u00fca korter, 1 tuba &#8211; Virbi 8\/10, Lasnam\u00e4e, Tallinn, Harjumaa\t<\/a>\n<\/h3>\n<div class=\"price\"><span class=\"price-amount\"><span class=\"currency-symbol\">\u20ac<\/span>94,000<\/span> <\/div><div class=\"address\" itemprop=\"address\" itemscope=\"\" itemtype=\"http:\/\/schema.org\/PostalAddress\">\n\t<span itemprop=\"streetAddress\">Virbi 8\/10<\/span>\n<\/div>\n\n<div class=\"glance\">\n\n\t\t\t<div class=\"beds\">\n\t\t\t<span class=\"count\" itemprop=\"numberOfRooms\">1<\/span>\n\t\t\t<i class=\"wre-icon-bed-1\"><\/i>\n\t\t<\/div>\n\t\n\t\t\t<div class=\"baths\">\n\t\t\t<span class=\"count\">1<\/span>\n\t\t\t<i class=\"wre-icon-bath-1\"><\/i>\n\t\t<\/div>\n\t\n\t\t\t<div class=\"cars\">\n\t\t\t<span class=\"count\">1<\/span>\n\t\t\t<i class=\"wre-icon-car-1\"><\/i>\n\t\t<\/div>\n\t\n<\/div>\n<div class=\"description\">Hubane korter Lasnam\u00e4el! &nbsp; Lisainfo:\u00a0 k\u00f5rged laed, k\u00f5ik m\u00f6\u00f6bel ja tehnika hinna sees, parkett. K\u00f6\u00f6k: keraamiline pliit, avatud k\u00f6\u00f6k, k\u00fclmik,...<\/div>\t\t<\/div>\n\n\t\t\t<\/div><\/li>\n\t\t\t\t\t\t\n\t\t\t\t\t\t\t\t\n<li class=\"col-2 post-702 listing type-listing status-publish listing-type-korter-en listing-702 korter-en m\u00fc\u00fcdud sell has-thumbnail beds-1 baths-1\" itemscope itemtype=\"http:\/\/schema.org\/House\">\n\t<div class=\"inner-container\">\t\t\n<div class=\"image\">\n\t<a href=\"https:\/\/bypro.ee\/en\/listing\/muua-korter-1-tuba-kari-24-pohja-tallinn-harjumaa\/\" title=\"M\u00fc\u00fca korter, 1 tuba &#8211; P\u00f5hja-Tallinn, Harjumaa\">\n\n\t\t\t\t\t\t<span class=\"status m\u00fc\u00fcdud\">\n\t\t\t\t\t<i class=\"wre-icon-house\"><\/i>\n\t\t\t\t\tM\u00fc\u00fcdud\t\t\t\t<\/span>\n\t\t\n\t\t<img alt=\"\" src=\"https:\/\/bypro.ee\/wp-content\/uploads\/2021\/07\/DSC9826-400x300.jpg\" \/>\n\t<\/a>\n<\/div>\n\t\t<div class=\"summary\">\n\t\t\t\n<h3 class=\"title entry-title\">\n\t<a href=\"https:\/\/bypro.ee\/en\/listing\/muua-korter-1-tuba-kari-24-pohja-tallinn-harjumaa\/\" title=\"M\u00fc\u00fca korter, 1 tuba &#8211; P\u00f5hja-Tallinn, Harjumaa\">\n\t\tM\u00fc\u00fca korter, 1 tuba &#8211; P\u00f5hja-Tallinn, Harjumaa\t<\/a>\n<\/h3>\n<div class=\"price\"><span class=\"price-amount\"><span class=\"currency-symbol\">\u20ac<\/span>139,900<\/span> <\/div><div class=\"address\" itemprop=\"address\" itemscope=\"\" itemtype=\"http:\/\/schema.org\/PostalAddress\">\n\t<span itemprop=\"streetAddress\">Kari 24<\/span>\n<\/div>\n\n<div class=\"glance\">\n\n\t\t\t<div class=\"beds\">\n\t\t\t<span class=\"count\" itemprop=\"numberOfRooms\">1<\/span>\n\t\t\t<i class=\"wre-icon-bed-1\"><\/i>\n\t\t<\/div>\n\t\n\t\t\t<div class=\"baths\">\n\t\t\t<span class=\"count\">1<\/span>\n\t\t\t<i class=\"wre-icon-bath-1\"><\/i>\n\t\t<\/div>\n\t\n\t\t\t<div class=\"cars\">\n\t\t\t<span class=\"count\">1<\/span>\n\t\t\t<i class=\"wre-icon-car-1\"><\/i>\n\t\t<\/div>\n\t\n<\/div>\n<div class=\"description\">M\u00fc\u00fca suurep\u00e4rase asukohaga 1-toaline korter Pelguranna t\u00e4naval. Lisainfo: r\u00f5du 3,9 m\u00b2, m\u00f6\u00f6bel, parkett, lift, parkimiskoht. K\u00f6\u00f6k: k\u00f6\u00f6gim\u00f6\u00f6bel koos tehnikaga Sanruum:\u00a0du\u0161\u0161,...<\/div>\t\t<\/div>\n\n\t\t\t<\/div><\/li>\n\t\t\t\t\t\t\n\t\t\t\t\t\t\t\t\n<li class=\"col-2 post-700 listing type-listing status-publish listing-type-land listing-700 land m\u00fc\u00fcdud sell has-thumbnail\" itemscope itemtype=\"http:\/\/schema.org\/House\">\n\t<div class=\"inner-container\">\t\t\n<div class=\"image\">\n\t<a href=\"https:\/\/bypro.ee\/en\/listing\/rae-vald-patika-kula-harju-maakond\/\" title=\"M\u00fc\u00fca kinnistu imeilusa asukohaga Pirita J\u00f5ek\u00e4\u00e4rus!\">\n\n\t\t\t\t\t\t<span class=\"status m\u00fc\u00fcdud\">\n\t\t\t\t\t<i class=\"wre-icon-house\"><\/i>\n\t\t\t\t\tM\u00fc\u00fcdud\t\t\t\t<\/span>\n\t\t\n\t\t<img alt=\"\" src=\"https:\/\/bypro.ee\/wp-content\/uploads\/2021\/07\/DJI_0146-400x300.jpg\" \/>\n\t<\/a>\n<\/div>\n\t\t<div class=\"summary\">\n\t\t\t\n<h3 class=\"title entry-title\">\n\t<a href=\"https:\/\/bypro.ee\/en\/listing\/rae-vald-patika-kula-harju-maakond\/\" title=\"M\u00fc\u00fca kinnistu imeilusa asukohaga Pirita J\u00f5ek\u00e4\u00e4rus!\">\n\t\tM\u00fc\u00fca kinnistu imeilusa asukohaga Pirita J\u00f5ek\u00e4\u00e4rus!\t<\/a>\n<\/h3>\n<div class=\"price\"><span class=\"price-amount\"><span class=\"currency-symbol\">\u20ac<\/span>79,900<\/span> <\/div><div class=\"address\" itemprop=\"address\" itemscope=\"\" itemtype=\"http:\/\/schema.org\/PostalAddress\">\n\t<span itemprop=\"streetAddress\">J\u00f5ekaaru tee 24<\/span>\n<\/div>\n\n<div class=\"description\">On olemas projekt ja ehitusluba! Olemas liitumised tsentraalse kanalisatsiooni ja veega (sisalduvad hinnas). Lisainfo:\u00a0Eramu on projekteeritud 1-korruselisena kaasaegse arhitektuurilahendusega. Hoone...<\/div>\t\t<\/div>\n\n\t\t\t<\/div><\/li>\n\t\t\t\t\t\t\n\t\t\t\t\t<\/ul>\n\n\t\t\t\t<\/p>\n<p>[\/vc_column_text]<div class=\" ubtn-ctn-center sd-button\"><a class=\"ubtn-link ult-adjust-bottom-margin ubtn-center ubtn-normal sd-button\" href=\"\/en\/listings\/\" title=\"Listings\" ><button type=\"button\" id=\"ubtn-2312\"  class=\"ubtn ult-adjust-bottom-margin ult-responsive ubtn-normal ubtn-left-bg  none  ubtn-center   tooltip-6a0713db6faf8\"  data-hover=\"#ffffff\" data-border-color=\"\" data-bg=\"#0e8dc3\" data-hover-bg=\"#27a6dc\" data-border-hover=\"\" data-shadow-hover=\"\" data-shadow-click=\"none\" data-shadow=\"\" data-shd-shadow=\"\"  data-ultimate-target='#ubtn-2312'  data-responsive-json-new='{\"font-size\":\"\",\"line-height\":\"\"}'  style=\"font-weight:normal;border:none;background: #0e8dc3;color: #ffffff;\"><span class=\"ubtn-hover\" style=\"background-color:#27a6dc\"><\/span><span class=\"ubtn-data ubtn-text \" >K\u00d5IK OBJEKTID<\/span><\/button><\/a><\/div><div class=\"ult-spacer spacer-6a0713db6fb4e\" data-id=\"6a0713db6fb4e\" data-height=\"50\" data-height-mobile=\"50\" data-height-tab=\"50\" data-height-tab-portrait=\"\" data-height-mobile-landscape=\"\" style=\"clear:both;display:block;\"><\/div>[\/vc_column_inner][\/vc_row_inner]<div id=\"ultimate-heading-17676a0713db6fbd5\" class=\"uvc-heading ult-adjust-bottom-margin ultimate-heading-17676a0713db6fbd5 uvc-8268 \" data-hspacer=\"line_with_icon\" data-hline_width=\"65\" data-hicon_type=\"selector\" data-hborder_style=\"solid\" data-hborder_height=\"1\" data-hborder_color=\"#b5b5b5\" data-icon_width=\"25\" data-hfixer=\"10\"  data-halign=\"center\" style=\"text-align:center\"><div class=\"uvc-main-heading ult-responsive\"  data-ultimate-target='.uvc-heading.ultimate-heading-17676a0713db6fbd5 h2'  data-responsive-json-new='{\"font-size\":\"\",\"line-height\":\"\"}' ><h2 style=\"font-weight:normal;\">Meie uudised<\/h2><\/div><div class=\"uvc-heading-spacer line_with_icon\" style=\"topheight:25px;\"><div class=\"ult-just-icon-wrapper  \"><div class=\"align-icon\" style=\"text-align:center;\">\n<div class=\"aio-icon none \"  style=\"color:#b5b5b5;font-size:25px;display:inline-block;\">\n\t<i class=\"Defaults-home\"><\/i>\n<\/div><\/div><\/div><\/div><\/div>[\/vc_column][\/vc_row][vc_row full_width=&#8221;stretch_row&#8221; equal_height=&#8221;yes&#8221; css_animation=&#8221;none&#8221; bg_type=&#8221;bg_color&#8221; seperator_enable=&#8221;seperator_enable_value&#8221; seperator_type=&#8221;xlarge_triangle_seperator&#8221; seperator_svg_height=&#8221;125&#8243; seperator_shape_background=&#8221;#ffffff&#8221; el_class=&#8221;news-block&#8221; bg_color_value=&#8221;#eeeeee&#8221;][vc_column css_animation=&#8221;fadeInUp&#8221;][vc_basic_grid post_type=&#8221;post&#8221; max_items=&#8221;3&#8243; item=&#8221;basicGrid_ScaleInWithRotation&#8221; grid_id=&#8221;vc_gid:1627478524125-64cd9339-e9a9-1&#8243;]<div class=\"ult-spacer spacer-6a0713db6fbfa\" data-id=\"6a0713db6fbfa\" data-height=\"35\" data-height-mobile=\"35\" data-height-tab=\"35\" data-height-tab-portrait=\"\" data-height-mobile-landscape=\"\" style=\"clear:both;display:block;\"><\/div><div class=\" ubtn-ctn-center sd-button\"><a class=\"ubtn-link ult-adjust-bottom-margin ubtn-center ubtn-normal sd-button\" href=\"\/en\/uudised\" title=\"Listings\" ><button type=\"button\" id=\"ubtn-6511\"  class=\"ubtn ult-adjust-bottom-margin ult-responsive ubtn-normal ubtn-left-bg  none  ubtn-center   tooltip-6a0713db6fc1c\"  data-hover=\"#ffffff\" data-border-color=\"\" data-bg=\"#0e8dc3\" data-hover-bg=\"#27a6dc\" data-border-hover=\"\" data-shadow-hover=\"\" data-shadow-click=\"none\" data-shadow=\"\" data-shd-shadow=\"\"  data-ultimate-target='#ubtn-6511'  data-responsive-json-new='{\"font-size\":\"\",\"line-height\":\"\"}'  style=\"font-weight:normal;border:none;background: #0e8dc3;color: #ffffff;\"><span class=\"ubtn-hover\" style=\"background-color:#27a6dc\"><\/span><span class=\"ubtn-data ubtn-text \" >K\u00d5IK UUDISED<\/span><\/button><\/a><\/div>[\/vc_column][\/vc_row][vc_row full_width=&#8221;stretch_row&#8221; css_animation=&#8221;none&#8221; bg_type=&#8221;bg_color&#8221; bg_color_value=&#8221;#eeeeee&#8221; el_class=&#8221;home-page__contacts&#8221;][vc_column css_animation=&#8221;none&#8221;][vc_row_inner css=&#8221;.vc_custom_1604675721840{background-color: #ffffff !important;}&#8221; el_class=&#8221;contact-form__row&#8221;][vc_column_inner]<div class=\"ult-spacer spacer-6a0713db6fc58\" data-id=\"6a0713db6fc58\" data-height=\"35\" data-height-mobile=\"35\" data-height-tab=\"35\" data-height-tab-portrait=\"\" data-height-mobile-landscape=\"\" style=\"clear:both;display:block;\"><\/div><div id=\"ultimate-heading-2566a0713db6fcbe\" class=\"uvc-heading ult-adjust-bottom-margin ultimate-heading-2566a0713db6fcbe uvc-168 \" data-hspacer=\"line_with_icon\" data-hline_width=\"65\" data-hicon_type=\"selector\" data-hborder_style=\"solid\" data-hborder_height=\"1\" data-hborder_color=\"#b5b5b5\" data-icon_width=\"25\" data-hfixer=\"10\"  data-halign=\"center\" style=\"text-align:center\"><div class=\"uvc-main-heading ult-responsive\"  data-ultimate-target='.uvc-heading.ultimate-heading-2566a0713db6fcbe h2'  data-responsive-json-new='{\"font-size\":\"\",\"line-height\":\"\"}' ><h2 style=\"font-weight:normal;\">V\u00f5ta \u00fchendust<\/h2><\/div><div class=\"uvc-heading-spacer line_with_icon\" style=\"topheight:25px;\"><div class=\"ult-just-icon-wrapper  \"><div class=\"align-icon\" style=\"text-align:center;\">\n<div class=\"aio-icon none \"  style=\"color:#b5b5b5;font-size:25px;display:inline-block;\">\n\t<i class=\"Defaults-home\"><\/i>\n<\/div><\/div><\/div><\/div><\/div><div class=\"ult-spacer spacer-6a0713db6fcdd\" data-id=\"6a0713db6fcdd\" data-height=\"35\" data-height-mobile=\"35\" data-height-tab=\"35\" data-height-tab-portrait=\"\" data-height-mobile-landscape=\"\" style=\"clear:both;display:block;\"><\/div>[\/vc_column_inner][vc_column_inner width=&#8221;1\/2&#8243;]<div role=\"form\" class=\"wpcf7\" id=\"wpcf7-f657-o1\" lang=\"et\" dir=\"ltr\">\n<div class=\"screen-reader-response\"><p role=\"status\" aria-live=\"polite\" aria-atomic=\"true\"><\/p> <ul><\/ul><\/div>\n<form action=\"\/en\/wp-json\/wp\/v2\/pages\/642#wpcf7-f657-o1\" method=\"post\" class=\"wpcf7-form init\" novalidate=\"novalidate\" data-status=\"init\">\n<div style=\"display: none;\">\n<input type=\"hidden\" name=\"_wpcf7\" value=\"657\" \/>\n<input type=\"hidden\" name=\"_wpcf7_version\" value=\"5.4.2\" \/>\n<input type=\"hidden\" name=\"_wpcf7_locale\" value=\"et\" \/>\n<input type=\"hidden\" name=\"_wpcf7_unit_tag\" value=\"wpcf7-f657-o1\" \/>\n<input type=\"hidden\" name=\"_wpcf7_container_post\" value=\"0\" \/>\n<input type=\"hidden\" name=\"_wpcf7_posted_data_hash\" value=\"\" \/>\n<\/div>\n<p><span class=\"wpcf7-form-control-wrap your-name\"><input type=\"text\" name=\"your-name\" value=\"\" size=\"40\" class=\"wpcf7-form-control wpcf7-text wpcf7-validates-as-required\" aria-required=\"true\" aria-invalid=\"false\" placeholder=\"Your name (*)\" \/><\/span><\/p>\n<p><span class=\"wpcf7-form-control-wrap your-email\"><input type=\"email\" name=\"your-email\" value=\"\" size=\"40\" class=\"wpcf7-form-control wpcf7-text wpcf7-email wpcf7-validates-as-required wpcf7-validates-as-email\" aria-required=\"true\" aria-invalid=\"false\" placeholder=\"Your e-mail (*)\" \/><\/span><\/p>\n<p><span class=\"wpcf7-form-control-wrap your-message\"><textarea name=\"your-message\" cols=\"40\" rows=\"10\" class=\"wpcf7-form-control wpcf7-textarea\" aria-invalid=\"false\" placeholder=\"Your message\"><\/textarea><\/span><\/p>\n<p><input type=\"submit\" value=\"SEND\" class=\"wpcf7-form-control wpcf7-submit\" \/><\/p>\n<div class=\"wpcf7-response-output\" aria-hidden=\"true\"><\/div><\/form><\/div><div class=\"ult-spacer spacer-6a0713db703b1\" data-id=\"6a0713db703b1\" data-height=\"35\" data-height-mobile=\"35\" data-height-tab=\"35\" data-height-tab-portrait=\"\" data-height-mobile-landscape=\"\" style=\"clear:both;display:block;\"><\/div>[\/vc_column_inner][vc_column_inner el_class=&#8221;home-page__contacts__map-row&#8221; width=&#8221;1\/2&#8243;][vc_gmaps link=&#8221;#E-8_JTNDaWZyYW1lJTIwc3JjJTNEJTIyaHR0cHMlM0ElMkYlMkZ3d3cuZ29vZ2xlLmNvbSUyRm1hcHMlMkZlbWJlZCUzRnBiJTNEJTIxMW0xOCUyMTFtMTIlMjExbTMlMjExZDIwMjguMjc2NDEyNzgxOTY3MyUyMTJkMjQuNzQ0NzU5NTE2MTU4MjI2JTIxM2Q1OS40NDUxNDE5MDg3NzMyOSUyMTJtMyUyMTFmMCUyMTJmMCUyMTNmMCUyMTNtMiUyMTFpMTAyNCUyMTJpNzY4JTIxNGYxMy4xJTIxM20zJTIxMW0yJTIxMXMweDQ2OTI5M2Y0NjQ4OGRmMzclMjUzQTB4OWYxYmI5YTYxN2YxNjU1NiUyMTJzU3V1ci1QYXRhcmVpJTI1MjA2JTIxNWUwJTIxM20yJTIxMXNydSUyMTJzZWUlMjE0djE2MTA2MTgzMTk3OTglMjE1bTIlMjExc3J1JTIxMnNlZSUyMiUyMHdpZHRoJTNEJTIyNjAwJTIyJTIwaGVpZ2h0JTNEJTIyNDUwJTIyJTIwZnJhbWVib3JkZXIlM0QlMjIwJTIyJTIwc3R5bGUlM0QlMjJib3JkZXIlM0EwJTNCJTIyJTIwYWxsb3dmdWxsc2NyZWVuJTNEJTIyJTIyJTIwYXJpYS1oaWRkZW4lM0QlMjJmYWxzZSUyMiUyMHRhYmluZGV4JTNEJTIyMCUyMiUzRSUzQyUyRmlmcmFtZSUzRQ==&#8221; size=&#8221;540&#8243;][\/vc_column_inner][\/vc_row_inner][\/vc_column][\/vc_row]<\/p>\n","protected":false},"excerpt":{"rendered":"<p>[vc_row full_width=&#8221;stretch_row&#8221; css_animation=&#8221;none&#8221; bg_type=&#8221;image&#8221; parallax_style=&#8221;vcpb-vz-jquery&#8221; bg_image_new=&#8221;id^416|url^https:\/\/bypro.ee\/wp-content\/uploads\/2020\/11\/top_bg5.jpg|caption^null|alt^null|title^top_bg5|description^null&#8221; bg_image_repeat=&#8221;no-repeat&#8221; bg_img_attach=&#8221;fixed&#8221; seperator_enable=&#8221;seperator_enable_value&#8221; seperator_type=&#8221;xlarge_triangle_seperator&#8221; seperator_position=&#8221;bottom_seperator&#8221; seperator_svg_height=&#8221;125&#8243; seperator_shape_background=&#8221;#eeeeee&#8221; el_class=&#8221;top-block&#8221; css=&#8221;.vc_custom_1606128623444{background-position: center !important;background-repeat: no-repeat !important;background-size: cover [&hellip;]<\/p>\n","protected":false},"author":1,"featured_media":0,"parent":0,"menu_order":0,"comment_status":"closed","ping_status":"closed","template":"","meta":[],"_links":{"self":[{"href":"https:\/\/bypro.ee\/en\/wp-json\/wp\/v2\/pages\/642"}],"collection":[{"href":"https:\/\/bypro.ee\/en\/wp-json\/wp\/v2\/pages"}],"about":[{"href":"https:\/\/bypro.ee\/en\/wp-json\/wp\/v2\/types\/page"}],"author":[{"embeddable":true,"href":"https:\/\/bypro.ee\/en\/wp-json\/wp\/v2\/users\/1"}],"replies":[{"embeddable":true,"href":"https:\/\/bypro.ee\/en\/wp-json\/wp\/v2\/comments?post=642"}],"version-history":[{"count":18,"href":"https:\/\/bypro.ee\/en\/wp-json\/wp\/v2\/pages\/642\/revisions"}],"predecessor-version":[{"id":1293,"href":"https:\/\/bypro.ee\/en\/wp-json\/wp\/v2\/pages\/642\/revisions\/1293"}],"wp:attachment":[{"href":"https:\/\/bypro.ee\/en\/wp-json\/wp\/v2\/media?parent=642"}],"curies":[{"name":"wp","href":"https:\/\/api.w.org\/{rel}","templated":true}]}}