{"id":646,"date":"2020-11-06T11:21:22","date_gmt":"2020-11-06T08:21:22","guid":{"rendered":"https:\/\/bypro.ee\/tulevased-projektid\/"},"modified":"2021-07-15T15:35:58","modified_gmt":"2021-07-15T12:35:58","slug":"tulevased-projektid","status":"publish","type":"page","link":"https:\/\/bypro.ee\/en\/tulevased-projektid\/","title":{"rendered":"Tulevased projektid"},"content":{"rendered":"<p>[vc_row full_width=&#8221;stretch_row&#8221; bg_type=&#8221;image&#8221; parallax_style=&#8221;vcpb-vz-jquery&#8221; bg_image_new=&#8221;id^416|url^https:\/\/bypro.ee\/wp-content\/uploads\/2020\/11\/top_bg5.jpg|caption^null|alt^null|title^top_bg5|description^null&#8221; bg_image_repeat=&#8221;no-repeat&#8221; bg_img_attach=&#8221;fixed&#8221; seperator_enable=&#8221;seperator_enable_value&#8221; seperator_type=&#8221;xlarge_triangle_seperator&#8221; seperator_position=&#8221;bottom_seperator&#8221; seperator_svg_height=&#8221;125&#8243; seperator_shape_background=&#8221;#ffffff&#8221; el_class=&#8221;top-block&#8221; css=&#8221;.vc_custom_1606137300104{background-position: center !important;background-repeat: no-repeat !important;background-size: cover !important;}&#8221;][vc_column css_animation=&#8221;fadeInLeft&#8221;][vc_column_text]<\/p>\n<h1 style=\"color: #444;\">Tulevased projektid<\/h1>\n<p>[\/vc_column_text]<div class=\"ult-spacer spacer-69d55add9ffab\" data-id=\"69d55add9ffab\" data-height=\"200\" data-height-mobile=\"200\" data-height-tab=\"200\" data-height-tab-portrait=\"\" data-height-mobile-landscape=\"\" style=\"clear:both;display:block;\"><\/div>[\/vc_column][\/vc_row][vc_row el_class=&#8221;page-top-block&#8221;][vc_column width=&#8221;1\/2&#8243;][vc_column_text]<\/p>\n<h3><span style=\"color: #000000;\"><strong>Meil on suurep\u00e4rased uudised!\u00a0<\/strong><\/span><\/h3>\n<div>Juba septembril meie veebiaadressil saate leida ilusaid ja hubaseid Uus &#8211; Mustam\u00e4e kortereid, mis asuvad uues elamurajoonis aadressil Aiandi 8\/1.<\/div>\n<div>M\u00fc\u00fcgile tulevad 4 \u00fchetoalist korterit. M\u00fc\u00fcgihinna sisse kuulub korralik siseviimistlus, k\u00f6\u00f6k tehnikaga, garderoob ning lisaks parkimiskoht ja panipaik.<\/div>\n<div><\/div>\n<h2>Liitu meie uudiskirjadega ning ole esimene, kes saab parimat pakkumist.<\/h2>\n<p>[\/vc_column_text][vc_column_text][\/vc_column_text][\/vc_column][vc_column width=&#8221;1\/2&#8243;][vc_single_image image=&#8221;325&#8243; img_size=&#8221;full&#8221; alignment=&#8221;right&#8221; el_class=&#8221;page-header-image&#8221;][\/vc_column][\/vc_row][vc_row][vc_column]<div class=\"ult-spacer spacer-69d55add9ffd8\" data-id=\"69d55add9ffd8\" data-height=\"75\" data-height-mobile=\"75\" data-height-tab=\"75\" data-height-tab-portrait=\"\" data-height-mobile-landscape=\"\" style=\"clear:both;display:block;\"><\/div>[\/vc_column][\/vc_row]<\/p>\n","protected":false},"excerpt":{"rendered":"<p>[vc_row full_width=&#8221;stretch_row&#8221; bg_type=&#8221;image&#8221; parallax_style=&#8221;vcpb-vz-jquery&#8221; bg_image_new=&#8221;id^416|url^https:\/\/bypro.ee\/wp-content\/uploads\/2020\/11\/top_bg5.jpg|caption^null|alt^null|title^top_bg5|description^null&#8221; bg_image_repeat=&#8221;no-repeat&#8221; bg_img_attach=&#8221;fixed&#8221; seperator_enable=&#8221;seperator_enable_value&#8221; seperator_type=&#8221;xlarge_triangle_seperator&#8221; seperator_position=&#8221;bottom_seperator&#8221; seperator_svg_height=&#8221;125&#8243; seperator_shape_background=&#8221;#ffffff&#8221; el_class=&#8221;top-block&#8221; css=&#8221;.vc_custom_1606137300104{background-position: center !important;background-repeat: no-repeat !important;background-size: cover !important;}&#8221;][vc_column [&hellip;]<\/p>\n","protected":false},"author":1,"featured_media":0,"parent":0,"menu_order":0,"comment_status":"closed","ping_status":"closed","template":"","meta":[],"_links":{"self":[{"href":"https:\/\/bypro.ee\/en\/wp-json\/wp\/v2\/pages\/646"}],"collection":[{"href":"https:\/\/bypro.ee\/en\/wp-json\/wp\/v2\/pages"}],"about":[{"href":"https:\/\/bypro.ee\/en\/wp-json\/wp\/v2\/types\/page"}],"author":[{"embeddable":true,"href":"https:\/\/bypro.ee\/en\/wp-json\/wp\/v2\/users\/1"}],"replies":[{"embeddable":true,"href":"https:\/\/bypro.ee\/en\/wp-json\/wp\/v2\/comments?post=646"}],"version-history":[{"count":9,"href":"https:\/\/bypro.ee\/en\/wp-json\/wp\/v2\/pages\/646\/revisions"}],"predecessor-version":[{"id":1172,"href":"https:\/\/bypro.ee\/en\/wp-json\/wp\/v2\/pages\/646\/revisions\/1172"}],"wp:attachment":[{"href":"https:\/\/bypro.ee\/en\/wp-json\/wp\/v2\/media?parent=646"}],"curies":[{"name":"wp","href":"https:\/\/api.w.org\/{rel}","templated":true}]}}