{"id":648,"date":"2020-11-06T11:21:03","date_gmt":"2020-11-06T08:21:03","guid":{"rendered":"https:\/\/bypro.ee\/meist\/"},"modified":"2021-04-23T13:42:09","modified_gmt":"2021-04-23T10:42:09","slug":"meist","status":"publish","type":"page","link":"https:\/\/bypro.ee\/en\/meist\/","title":{"rendered":"ABOUT US"},"content":{"rendered":"<p>[vc_row full_width=&#8221;stretch_row&#8221; bg_type=&#8221;image&#8221; parallax_style=&#8221;vcpb-vz-jquery&#8221; bg_image_new=&#8221;id^416|url^https:\/\/bypro.ee\/wp-content\/uploads\/2020\/11\/top_bg5.jpg|caption^null|alt^null|title^top_bg5|description^null&#8221; bg_image_repeat=&#8221;no-repeat&#8221; bg_img_attach=&#8221;fixed&#8221; seperator_enable=&#8221;seperator_enable_value&#8221; seperator_type=&#8221;xlarge_triangle_seperator&#8221; seperator_position=&#8221;bottom_seperator&#8221; seperator_svg_height=&#8221;125&#8243; seperator_shape_background=&#8221;#ffffff&#8221; el_class=&#8221;top-block&#8221; css=&#8221;.vc_custom_1606137300104{background-position: center !important;background-repeat: no-repeat !important;background-size: cover !important;}&#8221;][vc_column css_animation=&#8221;fadeInLeft&#8221;][vc_column_text]<\/p>\n<h1 style=\"color: #444;\">Meist<\/h1>\n<p>[\/vc_column_text]<div class=\"ult-spacer spacer-69d545ee62d27\" data-id=\"69d545ee62d27\" data-height=\"200\" data-height-mobile=\"200\" data-height-tab=\"200\" data-height-tab-portrait=\"\" data-height-mobile-landscape=\"\" style=\"clear:both;display:block;\"><\/div>[\/vc_column][\/vc_row][vc_row el_class=&#8221;page-top-block&#8221;][vc_column width=&#8221;1\/2&#8243;][vc_column_text]Meie kvalifitseeritud t\u00f6\u00f6tajad leiavad lihtsalt \u00fchise keele iga uue partneriga. M\u00f5istame, et kinnisvara on enamikule inimestest k\u00f5ige muljetavaldavamaks varaks. Meie aastatepikkune kogemus on kinnisvaratehingute edukuse tagatiseks.<\/p>\n<p>Meie ettev\u00f5te tegeleb samuti kinnisvara rekonstrueerimise ja renoveerimisega. Selles valdkonnas oleme p\u00e4lvinud usalduse ja saanud h\u00e4id soovitusi nii partneritelt kui ka klientidelt. Kliendid hindavad k\u00f5rgelt meie spetsialistide tuge elamute rekonstrueerimisel, mis annab omanikele kindluse maksimaalse kasu saamiseks tulevikus.<\/p>\n<p>K\u00f5ik kinnisvaraprotseduurid on meie klientide jaoks l\u00e4bipaistvad ning arusaadavad. Partnerite positiivne tagasiside on meie ettev\u00f5tte jaoks parim reklaam. 2020. aastal \u00fchendasime erinevad tegevusvaldkonnad \u00fcheks ettev\u00f5tteks, mille nimeks sai ByPro O\u00dc. Helistage meile ja me t\u00f5estame, miks meid usaldatakse.<\/p>\n<p>Meie meeskonnas on professionaalsed fotograafid ja kvalifitseeritud kinnisvara hindajad, kes s\u00e4\u00e4stavad Teie aega, pakkudes parimat teenindust ning teenust.[\/vc_column_text][\/vc_column][vc_column width=&#8221;1\/2&#8243;][vc_single_image image=&#8221;325&#8243; img_size=&#8221;full&#8221; alignment=&#8221;right&#8221; el_class=&#8221;page-header-image&#8221;][\/vc_column][\/vc_row][vc_row][vc_column]<div class=\"ult-spacer spacer-69d545ee62d4c\" data-id=\"69d545ee62d4c\" data-height=\"75\" data-height-mobile=\"75\" data-height-tab=\"75\" data-height-tab-portrait=\"\" data-height-mobile-landscape=\"\" style=\"clear:both;display:block;\"><\/div>[\/vc_column][\/vc_row]<\/p>\n","protected":false},"excerpt":{"rendered":"<p>[vc_row full_width=&#8221;stretch_row&#8221; bg_type=&#8221;image&#8221; parallax_style=&#8221;vcpb-vz-jquery&#8221; bg_image_new=&#8221;id^416|url^https:\/\/bypro.ee\/wp-content\/uploads\/2020\/11\/top_bg5.jpg|caption^null|alt^null|title^top_bg5|description^null&#8221; bg_image_repeat=&#8221;no-repeat&#8221; bg_img_attach=&#8221;fixed&#8221; seperator_enable=&#8221;seperator_enable_value&#8221; seperator_type=&#8221;xlarge_triangle_seperator&#8221; seperator_position=&#8221;bottom_seperator&#8221; seperator_svg_height=&#8221;125&#8243; seperator_shape_background=&#8221;#ffffff&#8221; el_class=&#8221;top-block&#8221; css=&#8221;.vc_custom_1606137300104{background-position: center !important;background-repeat: no-repeat !important;background-size: cover !important;}&#8221;][vc_column [&hellip;]<\/p>\n","protected":false},"author":1,"featured_media":0,"parent":0,"menu_order":0,"comment_status":"closed","ping_status":"closed","template":"","meta":[],"_links":{"self":[{"href":"https:\/\/bypro.ee\/en\/wp-json\/wp\/v2\/pages\/648"}],"collection":[{"href":"https:\/\/bypro.ee\/en\/wp-json\/wp\/v2\/pages"}],"about":[{"href":"https:\/\/bypro.ee\/en\/wp-json\/wp\/v2\/types\/page"}],"author":[{"embeddable":true,"href":"https:\/\/bypro.ee\/en\/wp-json\/wp\/v2\/users\/1"}],"replies":[{"embeddable":true,"href":"https:\/\/bypro.ee\/en\/wp-json\/wp\/v2\/comments?post=648"}],"version-history":[{"count":3,"href":"https:\/\/bypro.ee\/en\/wp-json\/wp\/v2\/pages\/648\/revisions"}],"predecessor-version":[{"id":880,"href":"https:\/\/bypro.ee\/en\/wp-json\/wp\/v2\/pages\/648\/revisions\/880"}],"wp:attachment":[{"href":"https:\/\/bypro.ee\/en\/wp-json\/wp\/v2\/media?parent=648"}],"curies":[{"name":"wp","href":"https:\/\/api.w.org\/{rel}","templated":true}]}}