{"id":654,"date":"2020-11-06T13:13:13","date_gmt":"2020-11-06T10:13:13","guid":{"rendered":"https:\/\/bypro.ee\/listings\/"},"modified":"2020-12-01T14:31:13","modified_gmt":"2020-12-01T12:31:13","slug":"listings","status":"publish","type":"page","link":"https:\/\/bypro.ee\/en\/listings\/","title":{"rendered":"Listings"},"content":{"rendered":"<p>[vc_row full_width=&#8221;stretch_row&#8221; bg_type=&#8221;image&#8221; parallax_style=&#8221;vcpb-vz-jquery&#8221; bg_image_new=&#8221;id^416|url^https:\/\/bypro.ee\/wp-content\/uploads\/2020\/11\/top_bg5.jpg|caption^null|alt^null|title^top_bg5|description^null&#8221; bg_image_repeat=&#8221;no-repeat&#8221; bg_img_attach=&#8221;fixed&#8221; seperator_enable=&#8221;seperator_enable_value&#8221; seperator_type=&#8221;xlarge_triangle_seperator&#8221; seperator_position=&#8221;bottom_seperator&#8221; seperator_svg_height=&#8221;125&#8243; seperator_shape_background=&#8221;#ffffff&#8221; el_class=&#8221;top-block&#8221; css=&#8221;.vc_custom_1606137300104{background-position: center !important;background-repeat: no-repeat !important;background-size: cover !important;}&#8221;][vc_column css_animation=&#8221;fadeInLeft&#8221;][vc_column_text]<\/p>\n<h1 style=\"color: #444;\">Our listings<\/h1>\n<p>[\/vc_column_text]<div class=\"ult-spacer spacer-69d56e3b57b2d\" data-id=\"69d56e3b57b2d\" data-height=\"200\" data-height-mobile=\"200\" data-height-tab=\"200\" data-height-tab-portrait=\"\" data-height-mobile-landscape=\"\" style=\"clear:both;display:block;\"><\/div>[\/vc_column][\/vc_row][vc_row el_id=&#8221;listings-wrapper&#8221;][vc_column][vc_column_text]\n\t\t<form \n\t\t\tid=\"wre-search-form\" \n\t\t\tclass=\"wre-search-form fields-0 display-both\" autocomplete=\"off\" \n\t\t\taction=\"https:\/\/bypro.ee\/listings\/\" \n\t\t\tmethod=\"GET\" \n\t\t\trole=\"search\">\n\n\t\t\t<div class=\"form-group\">\n\n\t\t\t\t\n\t\t\t\t\t<div class=\"purpose-wrap\">\n\t\t\t\t\t\t<div class=\"wre-select-wrap\">\n\t\t\t\t\t\t\t<select class=\"form-control purpose\" name=\"purpose\">\n\t\t\t\t\t\t\t\t<option value=\"buy\" >Buy<\/option>\n\t\t\t\t\t\t\t\t<option value=\"rent\" >Rent<\/option>\n\t\t\t\t\t\t\t<\/select>\n\t\t\t\t\t\t<\/div>\n\t\t\t\t\t<\/div>\n\n\t\t\t\t\t\t\t\t<div class=\"search-text-wrap\">\n\t\t\t\t\t<input class=\"form-control search-input\" type=\"text\" name=\"location\" placeholder=\"Address, Suburb, Region, Zip or Landmark\" value=\"\" \/>\n\t\t\t\t\t\t\t\t\t<\/div>\n\t\t\t\t\n\t\t\t\t<input class=\"button btn btn-default search-button\" type=\"submit\" value=\"Search\" \/>\n\n\t\t\t<\/div>\n\n\t\t\t\n\t\t<\/form>\n\n\t\t<\/p>\n<div id=\"container\" class=\"container\"><div id=\"content\" class=\"content wre-content\" role=\"main\"><div class=\"wre-compare-listings \">\n\n\t<h4>Compare Listings<\/h4>\n\t<ul class=\"wre-compare-lists\">\n\t\t\t<\/ul>\n\t<a href=\"https:\/\/bypro.ee\/investeerimis-projektid\/\" class=\"compare-lists-btn\">Compare<\/a>\n\t<p class=\"wre-compare-error\"><\/p>\n<\/div><form class=\"wre-ordering\" method=\"get\">\n\n\t<div class=\"wre-select-wrap\">\n\t\t<select name=\"wre-orderby\" class=\"listings-orderby\">\n\t\t\t\t\t\t\t<option value=\"date\"  selected='selected'>Newest Listings<\/option>\n\t\t\t\t\t\t\t<option value=\"date-old\" >Oldest Listings<\/option>\n\t\t\t\t\t\t\t<option value=\"price\" >Price (Low to High)<\/option>\n\t\t\t\t\t\t\t<option value=\"price-high\" >Price (High to Low)<\/option>\n\t\t\t\t\t<\/select>\n\t<\/div>\n\t\t<input type=\"hidden\" name=\"paged\" value=\"1\" \/>\n<\/form><div class=\"wre-view-switcher\">\n\t<div id=\"list\" class=\"list\"><i class=\"wre-icon-list-view\"><\/i><\/div>\n\t<div id=\"grid\" class=\"grid\"><i class=\"wre-icon-grid-view\"><\/i><\/div>\n<\/div><div id=\"wre-archive-wrapper\"><ul class=\"wre-items grid-view\">\n<li class=\"col-2 post-1311 listing type-listing status-publish listing-type-korter-en listing-1311 korter-en m\u00fc\u00fcdud sell has-thumbnail beds-1\" itemscope itemtype=\"http:\/\/schema.org\/House\">\n\t<div class=\"inner-container\">\t\t\n<div class=\"image\">\n\t<a href=\"https:\/\/bypro.ee\/en\/listing\/muua-korter-1-tuba-lasnmae-tallinn-harjumaa\/\" title=\"M\u00fc\u00fca korter, 1 tuba &#8211; Lasnam\u00e4e, Tallinn, Harjumaa\">\n\n\t\t\t\t\t\t<span class=\"status m\u00fc\u00fcdud\">\n\t\t\t\t\t<i class=\"wre-icon-house\"><\/i>\n\t\t\t\t\tM\u00fc\u00fcdud\t\t\t\t<\/span>\n\t\t\n\t\t<img alt=\"\" src=\"https:\/\/bypro.ee\/wp-content\/uploads\/2021\/07\/DSC_0099-400x300.jpg\" \/>\n\t<\/a>\n<\/div>\n\t\t<div class=\"summary\">\n\t\t\t\n<h3 class=\"title entry-title\">\n\t<a href=\"https:\/\/bypro.ee\/en\/listing\/muua-korter-1-tuba-lasnmae-tallinn-harjumaa\/\" title=\"M\u00fc\u00fca korter, 1 tuba &#8211; Lasnam\u00e4e, Tallinn, Harjumaa\">\n\t\tM\u00fc\u00fca korter, 1 tuba &#8211; Lasnam\u00e4e, Tallinn, Harjumaa\t<\/a>\n<\/h3>\n<div class=\"price\"><span class=\"price-amount\"><span class=\"currency-symbol\">\u20ac<\/span>79,000<\/span> <\/div><div class=\"address\" itemprop=\"address\" itemscope=\"\" itemtype=\"http:\/\/schema.org\/PostalAddress\">\n\t<span itemprop=\"streetAddress\">Punane 65<\/span>\n<\/div>\n\n<div class=\"glance\">\n\n\t\t\t<div class=\"beds\">\n\t\t\t<span class=\"count\" itemprop=\"numberOfRooms\">1<\/span>\n\t\t\t<i class=\"wre-icon-bed-1\"><\/i>\n\t\t<\/div>\n\t\n\t\n\t\n<\/div>\n<div class=\"description\">M\u00fc\u00fca suurep\u00e4rase asukohaga 1-toaline korter Punane t\u00e4naval. Lisainfo:\u00a0r\u00f5du 3,5 m\u00b2, m\u00f6\u00f6bel, parkett, lift, parkimiskoht on hoovis tasuta. K\u00f6\u00f6k:\u00a0k\u00f6\u00f6gim\u00f6\u00f6bel koos tehnikaga...<\/div>\t\t<\/div>\n\n\t\t\t<\/div><\/li>\n<li class=\"col-2 post-700 listing type-listing status-publish listing-type-land listing-700 land m\u00fc\u00fcdud sell has-thumbnail\" itemscope itemtype=\"http:\/\/schema.org\/House\">\n\t<div class=\"inner-container\">\t\t\n<div class=\"image\">\n\t<a href=\"https:\/\/bypro.ee\/en\/listing\/rae-vald-patika-kula-harju-maakond\/\" title=\"M\u00fc\u00fca kinnistu imeilusa asukohaga Pirita J\u00f5ek\u00e4\u00e4rus!\">\n\n\t\t\t\t\t\t<span class=\"status m\u00fc\u00fcdud\">\n\t\t\t\t\t<i class=\"wre-icon-house\"><\/i>\n\t\t\t\t\tM\u00fc\u00fcdud\t\t\t\t<\/span>\n\t\t\n\t\t<img alt=\"\" src=\"https:\/\/bypro.ee\/wp-content\/uploads\/2021\/07\/DJI_0146-400x300.jpg\" \/>\n\t<\/a>\n<\/div>\n\t\t<div class=\"summary\">\n\t\t\t\n<h3 class=\"title entry-title\">\n\t<a href=\"https:\/\/bypro.ee\/en\/listing\/rae-vald-patika-kula-harju-maakond\/\" title=\"M\u00fc\u00fca kinnistu imeilusa asukohaga Pirita J\u00f5ek\u00e4\u00e4rus!\">\n\t\tM\u00fc\u00fca kinnistu imeilusa asukohaga Pirita J\u00f5ek\u00e4\u00e4rus!\t<\/a>\n<\/h3>\n<div class=\"price\"><span class=\"price-amount\"><span class=\"currency-symbol\">\u20ac<\/span>79,900<\/span> <\/div><div class=\"address\" itemprop=\"address\" itemscope=\"\" itemtype=\"http:\/\/schema.org\/PostalAddress\">\n\t<span itemprop=\"streetAddress\">J\u00f5ekaaru tee 24<\/span>\n<\/div>\n\n<div class=\"description\">On olemas projekt ja ehitusluba! Olemas liitumised tsentraalse kanalisatsiooni ja veega (sisalduvad hinnas). Lisainfo:\u00a0Eramu on projekteeritud 1-korruselisena kaasaegse arhitektuurilahendusega. Hoone...<\/div>\t\t<\/div>\n\n\t\t\t<\/div><\/li>\n<li class=\"col-2 post-702 listing type-listing status-publish listing-type-korter-en listing-702 korter-en m\u00fc\u00fcdud sell has-thumbnail beds-1 baths-1\" itemscope itemtype=\"http:\/\/schema.org\/House\">\n\t<div class=\"inner-container\">\t\t\n<div class=\"image\">\n\t<a href=\"https:\/\/bypro.ee\/en\/listing\/muua-korter-1-tuba-kari-24-pohja-tallinn-harjumaa\/\" title=\"M\u00fc\u00fca korter, 1 tuba &#8211; P\u00f5hja-Tallinn, Harjumaa\">\n\n\t\t\t\t\t\t<span class=\"status m\u00fc\u00fcdud\">\n\t\t\t\t\t<i class=\"wre-icon-house\"><\/i>\n\t\t\t\t\tM\u00fc\u00fcdud\t\t\t\t<\/span>\n\t\t\n\t\t<img alt=\"\" src=\"https:\/\/bypro.ee\/wp-content\/uploads\/2021\/07\/DSC9826-400x300.jpg\" \/>\n\t<\/a>\n<\/div>\n\t\t<div class=\"summary\">\n\t\t\t\n<h3 class=\"title entry-title\">\n\t<a href=\"https:\/\/bypro.ee\/en\/listing\/muua-korter-1-tuba-kari-24-pohja-tallinn-harjumaa\/\" title=\"M\u00fc\u00fca korter, 1 tuba &#8211; P\u00f5hja-Tallinn, Harjumaa\">\n\t\tM\u00fc\u00fca korter, 1 tuba &#8211; P\u00f5hja-Tallinn, Harjumaa\t<\/a>\n<\/h3>\n<div class=\"price\"><span class=\"price-amount\"><span class=\"currency-symbol\">\u20ac<\/span>139,900<\/span> <\/div><div class=\"address\" itemprop=\"address\" itemscope=\"\" itemtype=\"http:\/\/schema.org\/PostalAddress\">\n\t<span itemprop=\"streetAddress\">Kari 24<\/span>\n<\/div>\n\n<div class=\"glance\">\n\n\t\t\t<div class=\"beds\">\n\t\t\t<span class=\"count\" itemprop=\"numberOfRooms\">1<\/span>\n\t\t\t<i class=\"wre-icon-bed-1\"><\/i>\n\t\t<\/div>\n\t\n\t\t\t<div class=\"baths\">\n\t\t\t<span class=\"count\">1<\/span>\n\t\t\t<i class=\"wre-icon-bath-1\"><\/i>\n\t\t<\/div>\n\t\n\t\t\t<div class=\"cars\">\n\t\t\t<span class=\"count\">1<\/span>\n\t\t\t<i class=\"wre-icon-car-1\"><\/i>\n\t\t<\/div>\n\t\n<\/div>\n<div class=\"description\">M\u00fc\u00fca suurep\u00e4rase asukohaga 1-toaline korter Pelguranna t\u00e4naval. Lisainfo: r\u00f5du 3,9 m\u00b2, m\u00f6\u00f6bel, parkett, lift, parkimiskoht. K\u00f6\u00f6k: k\u00f6\u00f6gim\u00f6\u00f6bel koos tehnikaga Sanruum:\u00a0du\u0161\u0161,...<\/div>\t\t<\/div>\n\n\t\t\t<\/div><\/li>\n<li class=\"col-2 post-704 listing type-listing status-publish listing-type-korter-en listing-704 korter-en m\u00fc\u00fcdud sell has-thumbnail beds-1 baths-1\" itemscope itemtype=\"http:\/\/schema.org\/House\">\n\t<div class=\"inner-container\">\t\t\n<div class=\"image\">\n\t<a href=\"https:\/\/bypro.ee\/en\/listing\/muua-korter-3-tuba-mundi-2-kesklinn-tallinn-harjumaa\/\" title=\"M\u00fc\u00fca korter, 1 tuba &#8211; Virbi 8\/10, Lasnam\u00e4e, Tallinn, Harjumaa\">\n\n\t\t\t\t\t\t<span class=\"status m\u00fc\u00fcdud\">\n\t\t\t\t\t<i class=\"wre-icon-house\"><\/i>\n\t\t\t\t\tM\u00fc\u00fcdud\t\t\t\t<\/span>\n\t\t\n\t\t<img alt=\"\" src=\"https:\/\/bypro.ee\/wp-content\/uploads\/2021\/07\/DSC2310-400x300.jpg\" \/>\n\t<\/a>\n<\/div>\n\t\t<div class=\"summary\">\n\t\t\t\n<h3 class=\"title entry-title\">\n\t<a href=\"https:\/\/bypro.ee\/en\/listing\/muua-korter-3-tuba-mundi-2-kesklinn-tallinn-harjumaa\/\" title=\"M\u00fc\u00fca korter, 1 tuba &#8211; Virbi 8\/10, Lasnam\u00e4e, Tallinn, Harjumaa\">\n\t\tM\u00fc\u00fca korter, 1 tuba &#8211; Virbi 8\/10, Lasnam\u00e4e, Tallinn, Harjumaa\t<\/a>\n<\/h3>\n<div class=\"price\"><span class=\"price-amount\"><span class=\"currency-symbol\">\u20ac<\/span>94,000<\/span> <\/div><div class=\"address\" itemprop=\"address\" itemscope=\"\" itemtype=\"http:\/\/schema.org\/PostalAddress\">\n\t<span itemprop=\"streetAddress\">Virbi 8\/10<\/span>\n<\/div>\n\n<div class=\"glance\">\n\n\t\t\t<div class=\"beds\">\n\t\t\t<span class=\"count\" itemprop=\"numberOfRooms\">1<\/span>\n\t\t\t<i class=\"wre-icon-bed-1\"><\/i>\n\t\t<\/div>\n\t\n\t\t\t<div class=\"baths\">\n\t\t\t<span class=\"count\">1<\/span>\n\t\t\t<i class=\"wre-icon-bath-1\"><\/i>\n\t\t<\/div>\n\t\n\t\t\t<div class=\"cars\">\n\t\t\t<span class=\"count\">1<\/span>\n\t\t\t<i class=\"wre-icon-car-1\"><\/i>\n\t\t<\/div>\n\t\n<\/div>\n<div class=\"description\">Hubane korter Lasnam\u00e4el! &nbsp; Lisainfo:\u00a0 k\u00f5rged laed, k\u00f5ik m\u00f6\u00f6bel ja tehnika hinna sees, parkett. K\u00f6\u00f6k: keraamiline pliit, avatud k\u00f6\u00f6k, k\u00fclmik,...<\/div>\t\t<\/div>\n\n\t\t\t<\/div><\/li><\/ul><div class=\"wre-orderby-loader\"><img src=\"https:\/\/bypro.ee\/wp-content\/plugins\/wp-real-estate\/assets\/images\/loading.svg\" \/><\/div><\/div>[\/vc_column_text]<div class=\"ult-spacer spacer-69d56e3b5f320\" data-id=\"69d56e3b5f320\" data-height=\"100\" data-height-mobile=\"100\" data-height-tab=\"100\" data-height-tab-portrait=\"\" data-height-mobile-landscape=\"\" style=\"clear:both;display:block;\"><\/div>[\/vc_column][\/vc_row]<\/p>\n","protected":false},"excerpt":{"rendered":"<p>[vc_row full_width=&#8221;stretch_row&#8221; bg_type=&#8221;image&#8221; parallax_style=&#8221;vcpb-vz-jquery&#8221; bg_image_new=&#8221;id^416|url^https:\/\/bypro.ee\/wp-content\/uploads\/2020\/11\/top_bg5.jpg|caption^null|alt^null|title^top_bg5|description^null&#8221; bg_image_repeat=&#8221;no-repeat&#8221; bg_img_attach=&#8221;fixed&#8221; seperator_enable=&#8221;seperator_enable_value&#8221; seperator_type=&#8221;xlarge_triangle_seperator&#8221; seperator_position=&#8221;bottom_seperator&#8221; seperator_svg_height=&#8221;125&#8243; seperator_shape_background=&#8221;#ffffff&#8221; el_class=&#8221;top-block&#8221; css=&#8221;.vc_custom_1606137300104{background-position: center !important;background-repeat: no-repeat !important;background-size: cover !important;}&#8221;][vc_column [&hellip;]<\/p>\n","protected":false},"author":1,"featured_media":0,"parent":0,"menu_order":0,"comment_status":"closed","ping_status":"closed","template":"listings-page.php","meta":[],"_links":{"self":[{"href":"https:\/\/bypro.ee\/en\/wp-json\/wp\/v2\/pages\/654"}],"collection":[{"href":"https:\/\/bypro.ee\/en\/wp-json\/wp\/v2\/pages"}],"about":[{"href":"https:\/\/bypro.ee\/en\/wp-json\/wp\/v2\/types\/page"}],"author":[{"embeddable":true,"href":"https:\/\/bypro.ee\/en\/wp-json\/wp\/v2\/users\/1"}],"replies":[{"embeddable":true,"href":"https:\/\/bypro.ee\/en\/wp-json\/wp\/v2\/comments?post=654"}],"version-history":[{"count":2,"href":"https:\/\/bypro.ee\/en\/wp-json\/wp\/v2\/pages\/654\/revisions"}],"predecessor-version":[{"id":725,"href":"https:\/\/bypro.ee\/en\/wp-json\/wp\/v2\/pages\/654\/revisions\/725"}],"wp:attachment":[{"href":"https:\/\/bypro.ee\/en\/wp-json\/wp\/v2\/media?parent=654"}],"curies":[{"name":"wp","href":"https:\/\/api.w.org\/{rel}","templated":true}]}}