{"id":655,"date":"2020-11-06T13:13:13","date_gmt":"2020-11-06T10:13:13","guid":{"rendered":"https:\/\/bypro.ee\/listings\/"},"modified":"2020-12-01T14:02:27","modified_gmt":"2020-12-01T12:02:27","slug":"listings","status":"publish","type":"page","link":"https:\/\/bypro.ee\/ru\/listings\/","title":{"rendered":"Listings"},"content":{"rendered":"<p>[vc_row full_width=&#187;stretch_row&#187; bg_type=&#187;image&#187; parallax_style=&#187;vcpb-vz-jquery&#187; bg_image_new=&#187;id^416|url^https:\/\/bypro.ee\/wp-content\/uploads\/2020\/11\/top_bg5.jpg|caption^null|alt^null|title^top_bg5|description^null&#187; bg_image_repeat=&#187;no-repeat&#187; bg_img_attach=&#187;fixed&#187; seperator_enable=&#187;seperator_enable_value&#187; seperator_type=&#187;xlarge_triangle_seperator&#187; seperator_position=&#187;bottom_seperator&#187; seperator_svg_height=&#187;125&#8243; seperator_shape_background=&#187;#ffffff&#187; el_class=&#187;top-block&#187; css=&#187;.vc_custom_1606137300104{background-position: center !important;background-repeat: no-repeat !important;background-size: cover !important;}&#187;][vc_column css_animation=&#187;fadeInLeft&#187;][vc_column_text]<\/p>\n<h1 style=\"color: #444;\">\u041d\u0430\u0448\u0438 \u043e\u0431\u044a\u0435\u043a\u0442\u044b<\/h1>\n<p>[\/vc_column_text]<div class=\"ult-spacer spacer-69d55aca7a48c\" data-id=\"69d55aca7a48c\" data-height=\"200\" data-height-mobile=\"200\" data-height-tab=\"200\" data-height-tab-portrait=\"\" data-height-mobile-landscape=\"\" style=\"clear:both;display:block;\"><\/div>[\/vc_column][\/vc_row][vc_row el_id=&#187;listings-wrapper&#187;][vc_column][vc_column_text]\n\t\t<form \n\t\t\tid=\"wre-search-form\" \n\t\t\tclass=\"wre-search-form fields-0 display-both\" autocomplete=\"off\" \n\t\t\taction=\"https:\/\/bypro.ee\/listings\/\" \n\t\t\tmethod=\"GET\" \n\t\t\trole=\"search\">\n\n\t\t\t<div class=\"form-group\">\n\n\t\t\t\t\n\t\t\t\t\t<div class=\"purpose-wrap\">\n\t\t\t\t\t\t<div class=\"wre-select-wrap\">\n\t\t\t\t\t\t\t<select class=\"form-control purpose\" name=\"purpose\">\n\t\t\t\t\t\t\t\t<option value=\"buy\" >\u041f\u0440\u043e\u0434\u0430\u0436\u0430<\/option>\n\t\t\t\t\t\t\t\t<option value=\"rent\" >\u0410\u0440\u0435\u043d\u0434\u0430<\/option>\n\t\t\t\t\t\t\t<\/select>\n\t\t\t\t\t\t<\/div>\n\t\t\t\t\t<\/div>\n\n\t\t\t\t\t\t\t\t<div class=\"search-text-wrap\">\n\t\t\t\t\t<input class=\"form-control search-input\" type=\"text\" name=\"location\" placeholder=\"\u041f\u043e\u0438\u0441\u043a \u043f\u043e \u043a\u043b\u044e\u0447\u0435\u0432\u043e\u043c\u0443 \u0441\u043b\u043e\u0432\u0443, \u0433\u043e\u0440\u043e\u0434\u0443 \u0438\u043b\u0438 \u043e\u043a\u0440\u0443\u0433\u0443\" value=\"\" \/>\n\t\t\t\t\t\t\t\t\t<\/div>\n\t\t\t\t\n\t\t\t\t<input class=\"button btn btn-default search-button\" type=\"submit\" value=\"\u0418\u0441\u043a\u0430\u0442\u044c\" \/>\n\n\t\t\t<\/div>\n\n\t\t\t\n\t\t<\/form>\n\n\t\t<\/p>\n<div id=\"container\" class=\"container\"><div id=\"content\" class=\"content wre-content\" role=\"main\"><div class=\"wre-compare-listings \">\n\n\t<h4>Compare Listings<\/h4>\n\t<ul class=\"wre-compare-lists\">\n\t\t\t<\/ul>\n\t<a href=\"https:\/\/bypro.ee\/investeerimis-projektid\/\" class=\"compare-lists-btn\">Compare<\/a>\n\t<p class=\"wre-compare-error\"><\/p>\n<\/div><form class=\"wre-ordering\" method=\"get\">\n\n\t<div class=\"wre-select-wrap\">\n\t\t<select name=\"wre-orderby\" class=\"listings-orderby\">\n\t\t\t\t\t\t\t<option value=\"date\"  selected='selected'>\u0421\u043d\u0430\u0447\u0430\u043b\u043e \u043d\u043e\u0432\u044b\u0435<\/option>\n\t\t\t\t\t\t\t<option value=\"date-old\" >\u0421\u043d\u0430\u0447\u0430\u043b\u043e \u0441\u0442\u0430\u0440\u044b\u0435<\/option>\n\t\t\t\t\t\t\t<option value=\"price\" >\u0421\u043d\u0430\u0447\u0430\u043b\u043e \u0434\u0435\u0448\u0435\u0432\u044b\u0435<\/option>\n\t\t\t\t\t\t\t<option value=\"price-high\" >\u0421\u043d\u0430\u0447\u0430\u043b\u043e \u0434\u043e\u0440\u043e\u0433\u0438\u0435<\/option>\n\t\t\t\t\t<\/select>\n\t<\/div>\n\t\t<input type=\"hidden\" name=\"paged\" value=\"1\" \/>\n<\/form><div class=\"wre-view-switcher\">\n\t<div id=\"list\" class=\"list\"><i class=\"wre-icon-list-view\"><\/i><\/div>\n\t<div id=\"grid\" class=\"grid\"><i class=\"wre-icon-grid-view\"><\/i><\/div>\n<\/div><div id=\"wre-archive-wrapper\"><ul class=\"wre-items grid-view\">\n<li class=\"col-2 post-1555 listing type-listing status-publish listing-type-dacha listing-type-korter-ru listing-1555 dacha \u041f\u0440\u043e\u0434\u0430\u043d\u043e rent has-thumbnail beds-1 baths-1\" itemscope itemtype=\"http:\/\/schema.org\/House\">\n\t<div class=\"inner-container\">\t\t\n<div class=\"image\">\n\t<a href=\"https:\/\/bypro.ee\/ru\/listing\/uyutnaya-1-ya-kvartira-v-mustyamyae\/\" title=\"\u0421\u0434\u0430\u0451\u0442\u0441\u044f \u044e\u0442\u043d\u0430\u044f 1-\u044f \u043a\u0432\u0430\u0440\u0442\u0438\u0440\u0430 \u0432 \u041c\u0443\u0441\u0442\u044f\u043c\u044f\u044d\">\n\n\t\t\t\t\t\t<span class=\"status \u041f\u0440\u043e\u0434\u0430\u043d\u043e\">\n\t\t\t\t\t<i class=\"wre-icon-house\"><\/i>\n\t\t\t\t\t\u041f\u0440\u043e\u0434\u0430\u043d\u043e\t\t\t\t<\/span>\n\t\t\n\t\t<img alt=\"\" src=\"https:\/\/bypro.ee\/wp-content\/uploads\/2022\/03\/DSC_2392-1-400x300.jpg\" \/>\n\t<\/a>\n<\/div>\n\t\t<div class=\"summary\">\n\t\t\t\n<h3 class=\"title entry-title\">\n\t<a href=\"https:\/\/bypro.ee\/ru\/listing\/uyutnaya-1-ya-kvartira-v-mustyamyae\/\" title=\"\u0421\u0434\u0430\u0451\u0442\u0441\u044f \u044e\u0442\u043d\u0430\u044f 1-\u044f \u043a\u0432\u0430\u0440\u0442\u0438\u0440\u0430 \u0432 \u041c\u0443\u0441\u0442\u044f\u043c\u044f\u044d\">\n\t\t\u0421\u0434\u0430\u0451\u0442\u0441\u044f \u044e\u0442\u043d\u0430\u044f 1-\u044f \u043a\u0432\u0430\u0440\u0442\u0438\u0440\u0430 \u0432 \u041c\u0443\u0441\u0442\u044f\u043c\u044f\u044d\t<\/a>\n<\/h3>\n<div class=\"price\"><span class=\"price-amount\"><span class=\"currency-symbol\">\u20ac<\/span>450<\/span> <\/div><div class=\"address\" itemprop=\"address\" itemscope=\"\" itemtype=\"http:\/\/schema.org\/PostalAddress\">\n\t<span itemprop=\"streetAddress\">Ehitajate tee 56<\/span>\n<\/div>\n\n<div class=\"glance\">\n\n\t\t\t<div class=\"beds\">\n\t\t\t<span class=\"count\" itemprop=\"numberOfRooms\">1<\/span>\n\t\t\t<i class=\"wre-icon-bed-1\"><\/i>\n\t\t<\/div>\n\t\n\t\t\t<div class=\"baths\">\n\t\t\t<span class=\"count\">1<\/span>\n\t\t\t<i class=\"wre-icon-bath-1\"><\/i>\n\t\t<\/div>\n\t\n\t\t\t<div class=\"cars\">\n\t\t\t<span class=\"count\">1<\/span>\n\t\t\t<i class=\"wre-icon-car-1\"><\/i>\n\t\t<\/div>\n\t\n<\/div>\n<div class=\"description\">\u041a\u0432\u0430\u0440\u0442\u0438\u0440\u0430 \u0440\u0435\u043d\u043e\u0432\u0438\u0440\u043e\u0432\u0430\u043d\u0430!\u0421\u0434\u0430\u0451\u0442\u0441\u044f \u0432 \u0430\u0440\u0435\u043d\u0434\u0443 \u043e\u0434\u043d\u0430\u043a\u043e\u043c\u043d\u0430\u0442\u043d\u0430\u044f \u043a\u0432\u0430\u0440\u0442\u0438\u0440\u0430 \u0432 \u041c\u0443\u0441\u0442\u0430\u043c\u044f\u044d.\u0421\u0438\u043b\u044c\u043d\u043e\u0435 \u043a\u0432\u0430\u0440\u0442\u0438\u0440\u043d\u043e\u0435 \u0442\u043e\u0432\u0430\u0440\u0438\u0449\u0435\u0441\u0442\u0432\u043e.\u0412 \u043a\u0432\u0430\u0440\u0442\u0438\u0440\u0435 \u0441\u0434\u0435\u043b\u0430\u043d \u043d\u043e\u0432\u044b\u0439 \u0440\u0435\u043c\u043e\u043d\u0442, \u043f\u043e\u0441\u043b\u0435 \u043a\u043e\u0442\u043e\u0440\u043e\u0433\u043e \u0432 \u043a\u0432\u0430\u0440\u0442\u0438\u0440\u0435 \u043d\u0438\u043a\u0442\u043e \u043d\u0435...<\/div>\t\t<\/div>\n\n\t\t\t<\/div><\/li>\n<li class=\"col-2 post-1496 listing type-listing status-publish listing-type-korter-ru listing-1496 korter-ru sell has-thumbnail beds-2 baths-1\" itemscope itemtype=\"http:\/\/schema.org\/House\">\n\t<div class=\"inner-container\">\t\t\n<div class=\"image\">\n\t<a href=\"https:\/\/bypro.ee\/ru\/listing\/prodayotsya-2-h-komnatnaya-kvartira-v-novostroe-rajon-mustamyae\/\" title=\"\u041f\u0440\u043e\u0434\u0430\u0451\u0442\u0441\u044f 2-\u0445 \u043a\u043e\u043c\u043d\u0430\u0442\u043d\u0430\u044f \u043a\u0432\u0430\u0440\u0442\u0438\u0440\u0430 \u0432 \u043d\u043e\u0432\u043e\u0441\u0442\u0440\u043e\u0435, \u0440\u0430\u0439\u043e\u043d \u041c\u0443\u0441\u0442\u0430\u043c\u044f\u044d\">\n\n\t\t\n\t\t<img alt=\"\" src=\"https:\/\/bypro.ee\/wp-content\/uploads\/2022\/03\/DSC_0924-1-400x300.jpg\" \/>\n\t<\/a>\n<\/div>\n\t\t<div class=\"summary\">\n\t\t\t\n<h3 class=\"title entry-title\">\n\t<a href=\"https:\/\/bypro.ee\/ru\/listing\/prodayotsya-2-h-komnatnaya-kvartira-v-novostroe-rajon-mustamyae\/\" title=\"\u041f\u0440\u043e\u0434\u0430\u0451\u0442\u0441\u044f 2-\u0445 \u043a\u043e\u043c\u043d\u0430\u0442\u043d\u0430\u044f \u043a\u0432\u0430\u0440\u0442\u0438\u0440\u0430 \u0432 \u043d\u043e\u0432\u043e\u0441\u0442\u0440\u043e\u0435, \u0440\u0430\u0439\u043e\u043d \u041c\u0443\u0441\u0442\u0430\u043c\u044f\u044d\">\n\t\t\u041f\u0440\u043e\u0434\u0430\u0451\u0442\u0441\u044f 2-\u0445 \u043a\u043e\u043c\u043d\u0430\u0442\u043d\u0430\u044f \u043a\u0432\u0430\u0440\u0442\u0438\u0440\u0430 \u0432 \u043d\u043e\u0432\u043e\u0441\u0442\u0440\u043e\u0435, \u0440\u0430\u0439\u043e\u043d \u041c\u0443\u0441\u0442\u0430\u043c\u044f\u044d\t<\/a>\n<\/h3>\n<div class=\"price\"><span class=\"price-amount\"><span class=\"currency-symbol\">\u20ac<\/span>184,900<\/span> <\/div><div class=\"address\" itemprop=\"address\" itemscope=\"\" itemtype=\"http:\/\/schema.org\/PostalAddress\">\n\t<span itemprop=\"streetAddress\">Aiandi 7\/3<\/span>\n<\/div>\n\n<div class=\"glance\">\n\n\t\t\t<div class=\"beds\">\n\t\t\t<span class=\"count\" itemprop=\"numberOfRooms\">2<\/span>\n\t\t\t<i class=\"wre-icon-bed-1\"><\/i>\n\t\t<\/div>\n\t\n\t\t\t<div class=\"baths\">\n\t\t\t<span class=\"count\">1<\/span>\n\t\t\t<i class=\"wre-icon-bath-1\"><\/i>\n\t\t<\/div>\n\t\n\t\t\t<div class=\"cars\">\n\t\t\t<span class=\"count\">1<\/span>\n\t\t\t<i class=\"wre-icon-car-1\"><\/i>\n\t\t<\/div>\n\t\n<\/div>\n<div class=\"description\">\u041f\u0440\u043e\u0434\u0430\u0451\u0442\u0441\u044f 2-\u043a\u043e\u043c\u043d\u0430\u0442\u043d\u0430\u044f \u043a\u0432\u0430\u0440\u0442\u0438\u0440\u0430 \u0432 \u043d\u043e\u0432\u043e\u043c \u0434\u043e\u043c\u0435, \u043a\u043e\u0442\u043e\u0440\u044b\u0439 \u0431\u0443\u0434\u0435\u0442 \u0434\u043e\u0441\u0442\u0440\u043e\u0435\u043d \u0443\u0436\u0435 \u0432 \u0430\u043f\u0440\u0435\u043b\u0435 \u044d\u0442\u043e\u0433\u043e \u0433\u043e\u0434\u0430, \u0440\u0430\u0439\u043e\u043d Uus-Mustam\u00e4e! \u041a\u0412\u0410\u0420\u0422\u0418\u0420\u0410 \u041a\u0432\u0430\u0440\u0442\u0438\u0440\u0430\u00a0 \u0440\u0430\u0441\u043f\u043e\u043b\u043e\u0436\u0435\u043d\u0430 \u043d\u0430...<\/div>\t\t<\/div>\n\n\t\t\t<\/div><\/li>\n<li class=\"col-2 post-1404 listing type-listing status-publish listing-type-korter-ru listing-1404 korter-ru \u041f\u0440\u043e\u0434\u0430\u043d\u043e sell has-thumbnail beds-1 baths-1\" itemscope itemtype=\"http:\/\/schema.org\/House\">\n\t<div class=\"inner-container\">\t\t\n<div class=\"image\">\n\t<a href=\"https:\/\/bypro.ee\/ru\/listing\/muugis-1-toaline-korter-mustamael-aiandi-tanaval\/\" title=\"\u041f\u0440\u043e\u0434\u0430\u0451\u0442\u0441\u044f 1-\u043a\u043e\u043c\u043d\u0430\u0442\u043d\u0430\u044f \u043a\u0432\u0430\u0440\u0442\u0438\u0440\u0430 \u0432 Mustam\u00e4e ( Aiandi tn.)\">\n\n\t\t\t\t\t\t<span class=\"status \u041f\u0440\u043e\u0434\u0430\u043d\u043e\">\n\t\t\t\t\t<i class=\"wre-icon-house\"><\/i>\n\t\t\t\t\t\u041f\u0440\u043e\u0434\u0430\u043d\u043e\t\t\t\t<\/span>\n\t\t\n\t\t<img alt=\"\" src=\"https:\/\/bypro.ee\/wp-content\/uploads\/2022\/03\/DSC_8187-Edit-400x300.jpg\" \/>\n\t<\/a>\n<\/div>\n\t\t<div class=\"summary\">\n\t\t\t\n<h3 class=\"title entry-title\">\n\t<a href=\"https:\/\/bypro.ee\/ru\/listing\/muugis-1-toaline-korter-mustamael-aiandi-tanaval\/\" title=\"\u041f\u0440\u043e\u0434\u0430\u0451\u0442\u0441\u044f 1-\u043a\u043e\u043c\u043d\u0430\u0442\u043d\u0430\u044f \u043a\u0432\u0430\u0440\u0442\u0438\u0440\u0430 \u0432 Mustam\u00e4e ( Aiandi tn.)\">\n\t\t\u041f\u0440\u043e\u0434\u0430\u0451\u0442\u0441\u044f 1-\u043a\u043e\u043c\u043d\u0430\u0442\u043d\u0430\u044f \u043a\u0432\u0430\u0440\u0442\u0438\u0440\u0430 \u0432 Mustam\u00e4e ( Aiandi tn.)\t<\/a>\n<\/h3>\n<div class=\"price\"><span class=\"price-amount\"><span class=\"currency-symbol\">\u20ac<\/span>134,900<\/span> <\/div><div class=\"address\" itemprop=\"address\" itemscope=\"\" itemtype=\"http:\/\/schema.org\/PostalAddress\">\n\t<span itemprop=\"streetAddress\">Aiandi 8\/1<\/span>\n<\/div>\n\n<div class=\"glance\">\n\n\t\t\t<div class=\"beds\">\n\t\t\t<span class=\"count\" itemprop=\"numberOfRooms\">1<\/span>\n\t\t\t<i class=\"wre-icon-bed-1\"><\/i>\n\t\t<\/div>\n\t\n\t\t\t<div class=\"baths\">\n\t\t\t<span class=\"count\">1<\/span>\n\t\t\t<i class=\"wre-icon-bath-1\"><\/i>\n\t\t<\/div>\n\t\n\t\t\t<div class=\"cars\">\n\t\t\t<span class=\"count\">1<\/span>\n\t\t\t<i class=\"wre-icon-car-1\"><\/i>\n\t\t<\/div>\n\t\n<\/div>\n<div class=\"description\">\u041f\u0440\u043e\u0434\u0430\u0451\u0442\u0441\u044f \u043f\u043e\u043b\u043d\u043e\u0441\u0442\u044c\u044e \u043c\u0435\u0431\u0435\u043b\u0438\u0440\u043e\u0432\u0430\u043d\u043d\u0430\u044f \u043e\u0434\u043d\u0430\u043e\u043c\u043d\u0430\u0442\u043d\u0430\u044f \u043a\u0432\u0430\u0440\u0442\u0438\u0440\u0430 \u0432 \u041c\u0443\u0441\u0442\u0430\u043c\u044f\u044d. \u0412 \u043a\u0432\u0430\u0440\u0442\u0438\u0440\u0435 \u043d\u0438\u043a\u0442\u043e \u043d\u0435 \u043f\u0440\u043e\u0436\u0438\u0432\u0430\u043b.\u0412 \u0441\u0442\u043e\u0438\u043c\u043e\u0441\u0442\u044c \u0432\u0445\u043e\u0434\u0438\u0442 \u041f\u0410\u0420\u041a\u041e\u0412\u041a\u0410 \u043f\u043e\u0434 \u043a\u0440\u044b\u0448\u0435\u0439 \u0438 \u041a\u041b\u0410\u0414\u041e\u0412\u041a\u0410, \u0430...<\/div>\t\t<\/div>\n\n\t\t\t<\/div><\/li>\n<li class=\"col-2 post-1312 listing type-listing status-publish listing-type-korter-ru listing-1312 korter-ru \u041f\u0440\u043e\u0434\u0430\u043d\u043e sell has-thumbnail beds-1\" itemscope itemtype=\"http:\/\/schema.org\/House\">\n\t<div class=\"inner-container\">\t\t\n<div class=\"image\">\n\t<a href=\"https:\/\/bypro.ee\/ru\/listing\/muua-korter-1-tuba-lasnmae-tallinn-harjumaa\/\" title=\"\u041f\u0440\u043e\u0434\u0430\u0451\u0442\u0441\u044f 1 \u043a\u043e\u043c\u043d\u0430\u0442\u043d\u0430\u044f \u043a\u0432\u0430\u0440\u0442\u0438\u0440\u0430  Lasnam\u00e4e, Tallinn, Harjumaa\">\n\n\t\t\t\t\t\t<span class=\"status \u041f\u0440\u043e\u0434\u0430\u043d\u043e\">\n\t\t\t\t\t<i class=\"wre-icon-house\"><\/i>\n\t\t\t\t\t\u041f\u0440\u043e\u0434\u0430\u043d\u043e\t\t\t\t<\/span>\n\t\t\n\t\t<img alt=\"\" src=\"https:\/\/bypro.ee\/wp-content\/uploads\/2021\/07\/DSC_0099-400x300.jpg\" \/>\n\t<\/a>\n<\/div>\n\t\t<div class=\"summary\">\n\t\t\t\n<h3 class=\"title entry-title\">\n\t<a href=\"https:\/\/bypro.ee\/ru\/listing\/muua-korter-1-tuba-lasnmae-tallinn-harjumaa\/\" title=\"\u041f\u0440\u043e\u0434\u0430\u0451\u0442\u0441\u044f 1 \u043a\u043e\u043c\u043d\u0430\u0442\u043d\u0430\u044f \u043a\u0432\u0430\u0440\u0442\u0438\u0440\u0430  Lasnam\u00e4e, Tallinn, Harjumaa\">\n\t\t\u041f\u0440\u043e\u0434\u0430\u0451\u0442\u0441\u044f 1 \u043a\u043e\u043c\u043d\u0430\u0442\u043d\u0430\u044f \u043a\u0432\u0430\u0440\u0442\u0438\u0440\u0430  Lasnam\u00e4e, Tallinn, Harjumaa\t<\/a>\n<\/h3>\n<div class=\"price\"><span class=\"price-amount\"><span class=\"currency-symbol\">\u20ac<\/span>79,000<\/span> <\/div><div class=\"address\" itemprop=\"address\" itemscope=\"\" itemtype=\"http:\/\/schema.org\/PostalAddress\">\n\t<span itemprop=\"streetAddress\">Punane 65<\/span>\n<\/div>\n\n<div class=\"glance\">\n\n\t\t\t<div class=\"beds\">\n\t\t\t<span class=\"count\" itemprop=\"numberOfRooms\">1<\/span>\n\t\t\t<i class=\"wre-icon-bed-1\"><\/i>\n\t\t<\/div>\n\t\n\t\n\t\n<\/div>\n<div class=\"description\">\u041f\u0440\u043e\u0434\u0430\u0451\u0442\u0441\u044f \u0443\u044e\u0442\u043d\u0430\u044f \u043a\u0432\u0430\u0440\u0442\u0438\u0440\u0430 \u0441\u043e \u0441\u0432\u0435\u0436\u0438\u043c \u0440\u0435\u043c\u043e\u043d\u0442\u043e\u043c \u043d\u0430 \u0443\u043b\u0438\u0446\u0435 Punane(Lasnam\u00e4e) \u0414\u043e\u043f. \u0438\u043d\u0444\u043e: \u0431\u0430\u043b\u043a\u043e\u043d 3,5 m\u00b2, \u043c\u0435\u0431\u0435\u043b\u044c, \u043f\u0430\u0440\u043a\u0435\u0442, \u0434\u0443\u0448\u0435\u0432\u0430\u044f \u043a\u0430\u0431\u0438\u043d\u043a\u0430, \u0431\u0435\u0441\u043f\u043b\u0430\u0442\u043d\u043e\u0435 \u043f\u0430\u0440\u043a\u043e\u0432\u043e\u0447\u043d\u043e\u0435...<\/div>\t\t<\/div>\n\n\t\t\t<\/div><\/li>\n<li class=\"col-2 post-701 listing type-listing status-publish listing-type-uchastok-zemli listing-701 uchastok-zemli \u041f\u0440\u043e\u0434\u0430\u043d\u043e sell has-thumbnail\" itemscope itemtype=\"http:\/\/schema.org\/House\">\n\t<div class=\"inner-container\">\t\t\n<div class=\"image\">\n\t<a href=\"https:\/\/bypro.ee\/ru\/listing\/tartumaa-tartu-tartu-linn-lossi-21\/\" title=\"\u041f\u0440\u043e\u0434\u0430\u0451\u0442\u0441\u044f \u0443\u0447\u0430\u0441\u0442\u043e\u043a \u0437\u0435\u043c\u043b\u0438 \u0432 \u043e\u0442\u043b\u0438\u0447\u043d\u043e\u043c \u043c\u0435\u0441\u0442\u0435 Patika k\u00fcla( J\u00f5ek\u00e4\u00e4ru tee)\">\n\n\t\t\t\t\t\t<span class=\"status \u041f\u0440\u043e\u0434\u0430\u043d\u043e\">\n\t\t\t\t\t<i class=\"wre-icon-house\"><\/i>\n\t\t\t\t\t\u041f\u0440\u043e\u0434\u0430\u043d\u043e\t\t\t\t<\/span>\n\t\t\n\t\t<img alt=\"\" src=\"https:\/\/bypro.ee\/wp-content\/uploads\/2021\/07\/DSC_3795-400x300.jpg\" \/>\n\t<\/a>\n<\/div>\n\t\t<div class=\"summary\">\n\t\t\t\n<h3 class=\"title entry-title\">\n\t<a href=\"https:\/\/bypro.ee\/ru\/listing\/tartumaa-tartu-tartu-linn-lossi-21\/\" title=\"\u041f\u0440\u043e\u0434\u0430\u0451\u0442\u0441\u044f \u0443\u0447\u0430\u0441\u0442\u043e\u043a \u0437\u0435\u043c\u043b\u0438 \u0432 \u043e\u0442\u043b\u0438\u0447\u043d\u043e\u043c \u043c\u0435\u0441\u0442\u0435 Patika k\u00fcla( J\u00f5ek\u00e4\u00e4ru tee)\">\n\t\t\u041f\u0440\u043e\u0434\u0430\u0451\u0442\u0441\u044f \u0443\u0447\u0430\u0441\u0442\u043e\u043a \u0437\u0435\u043c\u043b\u0438 \u0432 \u043e\u0442\u043b\u0438\u0447\u043d\u043e\u043c \u043c\u0435\u0441\u0442\u0435 Patika k\u00fcla( J\u00f5ek\u00e4\u00e4ru tee)\t<\/a>\n<\/h3>\n<div class=\"price\"><span class=\"price-amount\"><span class=\"currency-symbol\">\u20ac<\/span>79,900<\/span> <\/div><div class=\"address\" itemprop=\"address\" itemscope=\"\" itemtype=\"http:\/\/schema.org\/PostalAddress\">\n\t<span itemprop=\"streetAddress\">J\u00f5ek\u00e4\u00e4ru tee 24<\/span>\n<\/div>\n\n<div class=\"description\">\u041f\u0440\u043e\u0434\u0430\u0451\u0442\u0441\u044f \u0443\u0447\u0430\u0441\u0442\u043e\u043a \u0441 \u043f\u0440\u043e\u0435\u043a\u0442\u043e\u043c \u0438 \u0440\u0430\u0437\u0440\u0435\u0448\u0435\u043d\u0438\u0435\u043c \u043d\u0430 \u0441\u0442\u0440\u043e\u0438\u0442\u0435\u043b\u044c\u0441\u0442\u0432\u043e! \u041d\u0430 \u0443\u0447\u0430\u0441\u0442\u043a\u0435 \u043f\u043e\u0434\u0432\u0435\u0434\u0435\u043d\u0430 \u0446\u0435\u043d\u0442\u0440\u0430\u043b\u044c\u043d\u0430\u044f \u043a\u0430\u043d\u0430\u043b\u0438\u0437\u0430\u0446\u0438\u044f, \u0432\u043e\u0434\u0430 \u0438 \u044d\u043b\u0435\u043a\u0442\u0440\u0438\u0447\u0435\u0441\u0442\u0432\u043e. \u0414\u043e\u043f. \u0438\u043d\u0444\u043e: \u041d\u0430 \u0443\u0447\u0430\u0441\u0442\u043a\u0435...<\/div>\t\t<\/div>\n\n\t\t\t<\/div><\/li>\n<li class=\"col-2 post-703 listing type-listing status-publish listing-type-korter-ru listing-703 korter-ru sell has-thumbnail beds-1\" itemscope itemtype=\"http:\/\/schema.org\/House\">\n\t<div class=\"inner-container\">\t\t\n<div class=\"image\">\n\t<a href=\"https:\/\/bypro.ee\/ru\/listing\/muua-korter-1-tuba-kari-24-pohja-tallinn-harjumaa\/\" title=\"\u041f\u0440\u043e\u0434\u0430\u0451\u0442\u0441\u044f, 1 \u043a\u043e\u043c\u043d\u0430\u0442\u043d\u0430\u044f \u043a\u0432\u0430\u0440\u0442\u0438\u0440\u0430 Kari 24, P\u00f5hja-Tallinn, Harjumaa\">\n\n\t\t\n\t\t<img alt=\"\" src=\"https:\/\/bypro.ee\/wp-content\/uploads\/2021\/07\/DSC9826-400x300.jpg\" \/>\n\t<\/a>\n<\/div>\n\t\t<div class=\"summary\">\n\t\t\t\n<h3 class=\"title entry-title\">\n\t<a href=\"https:\/\/bypro.ee\/ru\/listing\/muua-korter-1-tuba-kari-24-pohja-tallinn-harjumaa\/\" title=\"\u041f\u0440\u043e\u0434\u0430\u0451\u0442\u0441\u044f, 1 \u043a\u043e\u043c\u043d\u0430\u0442\u043d\u0430\u044f \u043a\u0432\u0430\u0440\u0442\u0438\u0440\u0430 Kari 24, P\u00f5hja-Tallinn, Harjumaa\">\n\t\t\u041f\u0440\u043e\u0434\u0430\u0451\u0442\u0441\u044f, 1 \u043a\u043e\u043c\u043d\u0430\u0442\u043d\u0430\u044f \u043a\u0432\u0430\u0440\u0442\u0438\u0440\u0430 Kari 24, P\u00f5hja-Tallinn, Harjumaa\t<\/a>\n<\/h3>\n<div class=\"price\"><span class=\"price-amount\"><span class=\"currency-symbol\">\u20ac<\/span>139,900<\/span> <\/div>\n<div class=\"glance\">\n\n\t\t\t<div class=\"beds\">\n\t\t\t<span class=\"count\" itemprop=\"numberOfRooms\">1<\/span>\n\t\t\t<i class=\"wre-icon-bed-1\"><\/i>\n\t\t<\/div>\n\t\n\t\n\t\n<\/div>\n<div class=\"description\">\u041f\u0440\u043e\u0434\u0430\u0451\u0442\u0441\u044f \u0443\u044e\u0442\u043d\u0430\u044f \u043e\u0434\u043d\u0430\u043a\u043e\u043c\u043d\u0430\u0442\u043d\u0430\u044f \u043a\u0432\u0430\u0440\u0442\u0438\u0440\u0430 \u0432 100 \u043c\u0435\u0442\u0440\u0430\u0445 \u043e\u0442 \u043f\u043b\u044f\u0436\u0430 \u0428\u0442\u0440\u043e\u043c\u043a\u0430. \u0414\u043e\u043f. \u0438\u043d\u0444\u043e: \u0431\u0430\u043b\u043a\u043e\u043d 3,9 m\u00b2, \u043c\u0435\u0431\u0435\u043b\u044c, \u043b\u0430\u043c\u0438\u043d\u0430\u0442, \u043b\u0438\u0444\u0442, \u0438\u043d\u0442\u0435\u0440\u043d\u0435\u0442, \u043a\u0430\u0431\u0435\u043b\u044c...<\/div>\t\t<\/div>\n\n\t\t\t<\/div><\/li>\n<li class=\"col-2 post-705 listing type-listing status-publish listing-type-korter-ru listing-705 korter-ru \u041f\u0440\u043e\u0434\u0430\u043d\u043e sell has-thumbnail beds-1 baths-1\" itemscope itemtype=\"http:\/\/schema.org\/House\">\n\t<div class=\"inner-container\">\t\t\n<div class=\"image\">\n\t<a href=\"https:\/\/bypro.ee\/ru\/listing\/muua-korter-3-tuba-mundi-2-kesklinn-tallinn-harjumaa\/\" title=\"\u041f\u0440\u043e\u0434\u0430\u0451\u0442\u0441\u044f 1 \u043a\u043e\u043c\u043d\u0430\u0442\u043d\u0430\u044f \u043a\u0432\u0430\u0440\u0442\u0438\u0440\u0430 \u043f\u043e \u0430\u0434\u0440\u0435\u0441\u0443 Virbi 8\/10, Lasnam\u00e4e, Tallinn, Harjumaa\">\n\n\t\t\t\t\t\t<span class=\"status \u041f\u0440\u043e\u0434\u0430\u043d\u043e\">\n\t\t\t\t\t<i class=\"wre-icon-house\"><\/i>\n\t\t\t\t\t\u041f\u0440\u043e\u0434\u0430\u043d\u043e\t\t\t\t<\/span>\n\t\t\n\t\t<img alt=\"\" src=\"https:\/\/bypro.ee\/wp-content\/uploads\/2021\/07\/DSC2310-400x300.jpg\" \/>\n\t<\/a>\n<\/div>\n\t\t<div class=\"summary\">\n\t\t\t\n<h3 class=\"title entry-title\">\n\t<a href=\"https:\/\/bypro.ee\/ru\/listing\/muua-korter-3-tuba-mundi-2-kesklinn-tallinn-harjumaa\/\" title=\"\u041f\u0440\u043e\u0434\u0430\u0451\u0442\u0441\u044f 1 \u043a\u043e\u043c\u043d\u0430\u0442\u043d\u0430\u044f \u043a\u0432\u0430\u0440\u0442\u0438\u0440\u0430 \u043f\u043e \u0430\u0434\u0440\u0435\u0441\u0443 Virbi 8\/10, Lasnam\u00e4e, Tallinn, Harjumaa\">\n\t\t\u041f\u0440\u043e\u0434\u0430\u0451\u0442\u0441\u044f 1 \u043a\u043e\u043c\u043d\u0430\u0442\u043d\u0430\u044f \u043a\u0432\u0430\u0440\u0442\u0438\u0440\u0430 \u043f\u043e \u0430\u0434\u0440\u0435\u0441\u0443 Virbi 8\/10, Lasnam\u00e4e, Tallinn, Harjumaa\t<\/a>\n<\/h3>\n<div class=\"price\"><span class=\"price-amount\"><span class=\"currency-symbol\">\u20ac<\/span>94,000<\/span> <\/div><div class=\"address\" itemprop=\"address\" itemscope=\"\" itemtype=\"http:\/\/schema.org\/PostalAddress\">\n\t<span itemprop=\"streetAddress\">Virbi 8\/10<\/span>\n<\/div>\n\n<div class=\"glance\">\n\n\t\t\t<div class=\"beds\">\n\t\t\t<span class=\"count\" itemprop=\"numberOfRooms\">1<\/span>\n\t\t\t<i class=\"wre-icon-bed-1\"><\/i>\n\t\t<\/div>\n\t\n\t\t\t<div class=\"baths\">\n\t\t\t<span class=\"count\">1<\/span>\n\t\t\t<i class=\"wre-icon-bath-1\"><\/i>\n\t\t<\/div>\n\t\n\t\t\t<div class=\"cars\">\n\t\t\t<span class=\"count\">1<\/span>\n\t\t\t<i class=\"wre-icon-car-1\"><\/i>\n\t\t<\/div>\n\t\n<\/div>\n<div class=\"description\">\u041f\u0440\u043e\u0434\u0430\u0451\u0442\u0441\u044f \u0443\u044e\u0442\u043d\u0430\u044f \u043e\u0434\u043d\u0430\u043a\u043e\u043c\u043d\u0430\u0442\u043d\u0430\u044f \u043a\u0432\u0430\u0440\u0442\u0438\u0440\u0430 \u0432 \u043d\u043e\u0432\u043e\u043c \u0434\u043e\u043c\u0435. \u0414\u043e\u043f. \u0438\u043d\u0444\u043e: \u043c\u0435\u0431\u0435\u043b\u044c \u0432 \u0446\u0435\u043d\u0435, \u043f\u0430\u0440\u043a\u0435\u0442, \u043b\u0438\u0444\u0442, \u0438\u043d\u0442\u0435\u0440\u043d\u0435\u0442, \u043a\u0430\u0431\u0435\u043b\u044c \u0434\u043b\u044f \u0422\u0412, \u0434\u043e\u043c\u043e\u0444\u043e\u043d, \u0431\u0435\u0441\u043f\u043b\u043f\u0442\u043d\u0430\u044f...<\/div>\t\t<\/div>\n\n\t\t\t<\/div><\/li><\/ul><div class=\"wre-orderby-loader\"><img src=\"https:\/\/bypro.ee\/wp-content\/plugins\/wp-real-estate\/assets\/images\/loading.svg\" \/><\/div><\/div>[\/vc_column_text]<div class=\"ult-spacer spacer-69d55aca85324\" data-id=\"69d55aca85324\" data-height=\"100\" data-height-mobile=\"100\" data-height-tab=\"100\" data-height-tab-portrait=\"\" data-height-mobile-landscape=\"\" style=\"clear:both;display:block;\"><\/div>[\/vc_column][\/vc_row]<\/p>\n","protected":false},"excerpt":{"rendered":"<p>[vc_row full_width=&#187;stretch_row&#187; bg_type=&#187;image&#187; parallax_style=&#187;vcpb-vz-jquery&#187; bg_image_new=&#187;id^416|url^https:\/\/bypro.ee\/wp-content\/uploads\/2020\/11\/top_bg5.jpg|caption^null|alt^null|title^top_bg5|description^null&#187; bg_image_repeat=&#187;no-repeat&#187; bg_img_attach=&#187;fixed&#187; seperator_enable=&#187;seperator_enable_value&#187; seperator_type=&#187;xlarge_triangle_seperator&#187; seperator_position=&#187;bottom_seperator&#187; seperator_svg_height=&#187;125&#8243; seperator_shape_background=&#187;#ffffff&#187; el_class=&#187;top-block&#187; css=&#187;.vc_custom_1606137300104{background-position: center !important;background-repeat: no-repeat !important;background-size: cover !important;}&#187;][vc_column [&hellip;]<\/p>\n","protected":false},"author":1,"featured_media":0,"parent":0,"menu_order":0,"comment_status":"closed","ping_status":"closed","template":"listings-page.php","meta":[],"_links":{"self":[{"href":"https:\/\/bypro.ee\/ru\/wp-json\/wp\/v2\/pages\/655"}],"collection":[{"href":"https:\/\/bypro.ee\/ru\/wp-json\/wp\/v2\/pages"}],"about":[{"href":"https:\/\/bypro.ee\/ru\/wp-json\/wp\/v2\/types\/page"}],"author":[{"embeddable":true,"href":"https:\/\/bypro.ee\/ru\/wp-json\/wp\/v2\/users\/1"}],"replies":[{"embeddable":true,"href":"https:\/\/bypro.ee\/ru\/wp-json\/wp\/v2\/comments?post=655"}],"version-history":[{"count":1,"href":"https:\/\/bypro.ee\/ru\/wp-json\/wp\/v2\/pages\/655\/revisions"}],"predecessor-version":[{"id":723,"href":"https:\/\/bypro.ee\/ru\/wp-json\/wp\/v2\/pages\/655\/revisions\/723"}],"wp:attachment":[{"href":"https:\/\/bypro.ee\/ru\/wp-json\/wp\/v2\/media?parent=655"}],"curies":[{"name":"wp","href":"https:\/\/api.w.org\/{rel}","templated":true}]}}